{"id":302,"date":"2023-10-13T15:08:04","date_gmt":"2023-10-13T13:08:04","guid":{"rendered":"https:\/\/www.spinic.uliege.be\/?page_id=302"},"modified":"2026-01-23T13:49:10","modified_gmt":"2026-01-23T12:49:10","slug":"charte-de-respect-des-droits-fondamentaux","status":"publish","type":"page","link":"https:\/\/www.spinic.uliege.be\/index.php\/charte-de-respect-des-droits-fondamentaux\/","title":{"rendered":"Charte p\u00e9dagogique du projet SPINIC"},"content":{"rendered":"\n<p><strong><mark style=\"background-color:rgba(0, 0, 0, 0)\" class=\"has-inline-color has-luminous-vivid-orange-color\">Notre mission<\/mark><\/strong><\/p>\n\n\n\n<p><strong>Cr\u00e9er un r\u00e9seau collaboratif au service des m\u00e9diateurs num\u00e9riques<\/strong><\/p>\n\n\n\n<p>Nous accompagnons les m\u00e9diateurs num\u00e9riques dans la <strong>conception et l\u2019animation de sc\u00e9narios p\u00e9dagogiques innovants<\/strong>, afin de construire ensemble un num\u00e9rique <strong>inclusif, \u00e9thique et accessible \u00e0 toutes et tous<\/strong>.<\/p>\n\n\n\n<p>Nous leur fournissons des <strong>outils concrets et des m\u00e9thodes \u00e9prouv\u00e9es<\/strong> pour former efficacement leurs publics, en favorisant :<\/p>\n\n\n\n<ul>\n<li>l\u2019<strong>inclusion<\/strong>,<\/li>\n\n\n\n<li>l\u2019<strong>autonomie<\/strong>,<\/li>\n\n\n\n<li>la compr\u00e9hension du num\u00e9rique comme <strong>levier d\u2019\u00e9mancipation<\/strong>.<\/li>\n<\/ul>\n\n\n\n<p><strong><mark style=\"background-color:rgba(0, 0, 0, 0)\" class=\"has-inline-color has-luminous-vivid-orange-color\">Nos objectifs<\/mark><\/strong><\/p>\n\n\n\n<p><strong>D\u00e9velopper une p\u00e9dagogie num\u00e9rique ancr\u00e9e dans la r\u00e9alit\u00e9 du terrain<\/strong><\/p>\n\n\n\n<ul>\n<li>Cr\u00e9er et diffuser des <strong>sc\u00e9narios p\u00e9dagogiques<\/strong> adapt\u00e9s aux r\u00e9alit\u00e9s des m\u00e9diateurs num\u00e9riques et aux besoins des <strong>publics fragilis\u00e9s<\/strong>.<\/li>\n\n\n\n<li>Renforcer les <strong>comp\u00e9tences p\u00e9dagogiques<\/strong> des m\u00e9diateurs (p\u00e9dagogie active, design thinking, inclusion num\u00e9rique).<\/li>\n\n\n\n<li>Faciliter la <strong>collaboration entre acteurs de l\u2019inclusion num\u00e9rique<\/strong> afin de mutualiser ressources et bonnes pratiques.<\/li>\n\n\n\n<li>Promouvoir un <strong>num\u00e9rique \u00e9thique et durable<\/strong>, attentif aux enjeux environnementaux et sociaux.<\/li>\n\n\n\n<li>\u00c9valuer et am\u00e9liorer en continu les sc\u00e9narios p\u00e9dagogiques innovants (SPI) et les m\u00e9thodes pour garantir leur <strong>efficacit\u00e9 et leur impact<\/strong>.<\/li>\n<\/ul>\n\n\n\n<p><strong><mark style=\"background-color:rgba(0, 0, 0, 0)\" class=\"has-inline-color has-luminous-vivid-orange-color\">Nos engagements<\/mark><\/strong><\/p>\n\n\n\n<p><strong>\ud83e\udde9<mark style=\"background-color:rgba(0, 0, 0, 0)\" class=\"has-inline-color has-luminous-vivid-orange-color\">Inclusion<\/mark><\/strong><\/p>\n\n\n\n<p>Nous soutenons les m\u00e9diateurs num\u00e9riques dans la mise en place de <strong>formations adapt\u00e9es aux besoins des publics fragilis\u00e9s<\/strong>.<br>Nous promouvons des pratiques p\u00e9dagogiques favorisant l\u2019<strong>\u00e9mancipation sociale et professionnelle<\/strong> des apprenants et outillons les formateurs pour transmettre les comp\u00e9tences num\u00e9riques n\u00e9cessaires \u00e0 une <strong>autonomie durable<\/strong>.<\/p>\n\n\n\n<p><strong>\ud83e\udd1d <mark style=\"background-color:rgba(0, 0, 0, 0)\" class=\"has-inline-color has-luminous-vivid-orange-color\">Collaboration &amp; esprit d\u2019\u00e9quipe<\/mark><\/strong><\/p>\n\n\n\n<p>Nous encourageons la <strong>coop\u00e9ration<\/strong> entre m\u00e9diateurs, partenaires et acteurs de l\u2019inclusion num\u00e9rique.<br>Nous cr\u00e9ons des <strong>espaces d\u2019\u00e9change<\/strong> pour partager exp\u00e9riences, outils et bonnes pratiques, et d\u00e9veloppons des sc\u00e9narios p\u00e9dagogiques <strong>collaboratifs, audacieux et contextualis\u00e9s<\/strong>.<\/p>\n\n\n\n<p><strong>\ud83d\udee0\ufe0f <mark style=\"background-color:rgba(0, 0, 0, 0)\" class=\"has-inline-color has-luminous-vivid-orange-color\">Qualit\u00e9 &amp; responsabilit\u00e9<\/mark><\/strong><\/p>\n\n\n\n<p>Nous concevons des sc\u00e9narios p\u00e9dagogiques <strong>coh\u00e9rents, innovants et ancr\u00e9s dans les r\u00e9alit\u00e9s du terrain<\/strong>.<br>Nous int\u00e9grons une d\u00e9marche <strong>\u00e9co\u2011responsable<\/strong> dans l\u2019usage des outils num\u00e9riques et garantissons la <strong>pertinence des formations<\/strong> gr\u00e2ce \u00e0 une \u00e9valuation continue.<\/p>\n\n\n\n<p><strong>\ud83d\udcac <mark style=\"background-color:rgba(0, 0, 0, 0)\" class=\"has-inline-color has-luminous-vivid-orange-color\">Solidarit\u00e9 &amp; partage d\u2019exp\u00e9riences<\/mark><\/strong><\/p>\n\n\n\n<p>Nous favorisons la <strong>mutualisation des ressources<\/strong> entre m\u00e9diateurs num\u00e9riques et assurons une <strong>diffusion large<\/strong> des sc\u00e9narios et actions men\u00e9es afin d\u2019inspirer l\u2019ensemble des acteurs en Wallonie.<br>Nous nourrissons enfin une <strong>r\u00e9flexion collective<\/strong> sur des pratiques p\u00e9dagogiques inclusives et durables.<\/p>\n\n\n\n<h3 class=\"wp-block-heading\"><\/h3>\n","protected":false},"excerpt":{"rendered":"<p>Notre mission Cr\u00e9er un r\u00e9seau collaboratif au service des m\u00e9diateurs num\u00e9riques Nous accompagnons les m\u00e9diateurs num\u00e9riques dans la conception et l\u2019animation de sc\u00e9narios p\u00e9dagogiques innovants, afin de construire ensemble un num\u00e9rique inclusif, \u00e9thique et accessible \u00e0 toutes et tous. Nous leur fournissons des outils concrets et des m\u00e9thodes \u00e9prouv\u00e9es pour former efficacement leurs publics, en [&hellip;]<\/p>\n","protected":false},"author":1,"featured_media":0,"parent":0,"menu_order":0,"comment_status":"closed","ping_status":"closed","template":"","meta":{"content-type":"","_monsterinsights_skip_tracking":false,"_monsterinsights_sitenote_active":false,"_monsterinsights_sitenote_note":"","_monsterinsights_sitenote_category":0,"footnotes":""},"_links":{"self":[{"href":"https:\/\/www.spinic.uliege.be\/index.php\/wp-json\/wp\/v2\/pages\/302"}],"collection":[{"href":"https:\/\/www.spinic.uliege.be\/index.php\/wp-json\/wp\/v2\/pages"}],"about":[{"href":"https:\/\/www.spinic.uliege.be\/index.php\/wp-json\/wp\/v2\/types\/page"}],"author":[{"embeddable":true,"href":"https:\/\/www.spinic.uliege.be\/index.php\/wp-json\/wp\/v2\/users\/1"}],"replies":[{"embeddable":true,"href":"https:\/\/www.spinic.uliege.be\/index.php\/wp-json\/wp\/v2\/comments?post=302"}],"version-history":[{"count":18,"href":"https:\/\/www.spinic.uliege.be\/index.php\/wp-json\/wp\/v2\/pages\/302\/revisions"}],"predecessor-version":[{"id":1503,"href":"https:\/\/www.spinic.uliege.be\/index.php\/wp-json\/wp\/v2\/pages\/302\/revisions\/1503"}],"wp:attachment":[{"href":"https:\/\/www.spinic.uliege.be\/index.php\/wp-json\/wp\/v2\/media?parent=302"}],"curies":[{"name":"wp","href":"https:\/\/api.w.org\/{rel}","templated":true}]}}