{"id":37,"date":"2023-10-05T16:38:54","date_gmt":"2023-10-05T14:38:54","guid":{"rendered":"https:\/\/www.spinic.uliege.be\/?page_id=37"},"modified":"2024-03-13T09:04:10","modified_gmt":"2024-03-13T08:04:10","slug":"objectifs","status":"publish","type":"page","link":"https:\/\/www.spinic.uliege.be\/index.php\/objectifs\/","title":{"rendered":"Objectifs"},"content":{"rendered":"\n<ol>\n<li>Cr\u00e9ation de sc\u00e9narios p\u00e9dagogiques dans le champ de l\u2019inclusion num\u00e9rique :\n<ul>\n<li>visant l\u2019int\u00e9gration des b\u00e9n\u00e9ficiaires dans la vie citoyenne et le monde professionnel ;<\/li>\n\n\n\n<li>adoptant une approche globale (int\u00e9gration de diff\u00e9rents dispositifs), transdisciplinaire et contextualis\u00e9e.<br><\/li>\n<\/ul>\n<\/li>\n\n\n\n<li>Mise en \u0153uvre des sc\u00e9narios p\u00e9dagogiques par le partenaire avec ses b\u00e9n\u00e9ficiaires. Des donn\u00e9es seront collect\u00e9es de fa\u00e7on \u00e0 en \u00e9valuer la mise en \u0153uvre et l&#8217;impact et permettre de les r\u00e9guler.<br><\/li>\n\n\n\n<li>Cr\u00e9ation de synergies entre les acteurs de l\u2019inclusion num\u00e9rique (EPN, CISP, op\u00e9rateurs Digistart) et partage de bonnes pratiques. <br><\/li>\n\n\n\n<li>Diffusion des r\u00e9sultats aupr\u00e8s de tous les publics de l&#8217;insertion en r\u00e9gion wallonne via une journ\u00e9e de diss\u00e9mination et la r\u00e9alisation d\u2019un site web.<\/li>\n<\/ol>\n","protected":false},"excerpt":{"rendered":"","protected":false},"author":1,"featured_media":0,"parent":0,"menu_order":0,"comment_status":"closed","ping_status":"closed","template":"","meta":{"content-type":"","_monsterinsights_skip_tracking":false,"_monsterinsights_sitenote_active":false,"_monsterinsights_sitenote_note":"","_monsterinsights_sitenote_category":0,"footnotes":""},"_links":{"self":[{"href":"https:\/\/www.spinic.uliege.be\/index.php\/wp-json\/wp\/v2\/pages\/37"}],"collection":[{"href":"https:\/\/www.spinic.uliege.be\/index.php\/wp-json\/wp\/v2\/pages"}],"about":[{"href":"https:\/\/www.spinic.uliege.be\/index.php\/wp-json\/wp\/v2\/types\/page"}],"author":[{"embeddable":true,"href":"https:\/\/www.spinic.uliege.be\/index.php\/wp-json\/wp\/v2\/users\/1"}],"replies":[{"embeddable":true,"href":"https:\/\/www.spinic.uliege.be\/index.php\/wp-json\/wp\/v2\/comments?post=37"}],"version-history":[{"count":10,"href":"https:\/\/www.spinic.uliege.be\/index.php\/wp-json\/wp\/v2\/pages\/37\/revisions"}],"predecessor-version":[{"id":458,"href":"https:\/\/www.spinic.uliege.be\/index.php\/wp-json\/wp\/v2\/pages\/37\/revisions\/458"}],"wp:attachment":[{"href":"https:\/\/www.spinic.uliege.be\/index.php\/wp-json\/wp\/v2\/media?parent=37"}],"curies":[{"name":"wp","href":"https:\/\/api.w.org\/{rel}","templated":true}]}}