{"id":399,"date":"2024-03-12T11:31:10","date_gmt":"2024-03-12T10:31:10","guid":{"rendered":"https:\/\/www.spinic.uliege.be\/?page_id=399"},"modified":"2024-03-13T11:51:01","modified_gmt":"2024-03-13T10:51:01","slug":"exemples-de-spi","status":"publish","type":"page","link":"https:\/\/www.spinic.uliege.be\/index.php\/exemples-de-spi\/","title":{"rendered":"Exemples de SPI"},"content":{"rendered":"\n<p>Vous trouverez dans cette section une description g\u00e9n\u00e9rale des Sc\u00e9narios P\u00e9dagogiques Int\u00e9grateurs qui ont \u00e9t\u00e9 mis en oeuvre par les partenaires pendant la dur\u00e9e du projet SPINIC.<\/p>\n\n\n\n<p>D&#8217;autres exemples de SPI se trouvent sous le dernier onglet &#8220;Ressources&#8221;, dans &#8220;Mallette p\u00e9dagogiques&#8221;.<\/p>\n\n\n\n<p><\/p>\n","protected":false},"excerpt":{"rendered":"<p>Vous trouverez dans cette section une description g\u00e9n\u00e9rale des Sc\u00e9narios P\u00e9dagogiques Int\u00e9grateurs qui ont \u00e9t\u00e9 mis en oeuvre par les partenaires pendant la dur\u00e9e du projet SPINIC. D&#8217;autres exemples de SPI se trouvent sous le dernier onglet &#8220;Ressources&#8221;, dans &#8220;Mallette p\u00e9dagogiques&#8221;.<\/p>\n","protected":false},"author":1,"featured_media":0,"parent":0,"menu_order":0,"comment_status":"closed","ping_status":"closed","template":"","meta":{"content-type":"","_monsterinsights_skip_tracking":false,"_monsterinsights_sitenote_active":false,"_monsterinsights_sitenote_note":"","_monsterinsights_sitenote_category":0,"footnotes":""},"_links":{"self":[{"href":"https:\/\/www.spinic.uliege.be\/index.php\/wp-json\/wp\/v2\/pages\/399"}],"collection":[{"href":"https:\/\/www.spinic.uliege.be\/index.php\/wp-json\/wp\/v2\/pages"}],"about":[{"href":"https:\/\/www.spinic.uliege.be\/index.php\/wp-json\/wp\/v2\/types\/page"}],"author":[{"embeddable":true,"href":"https:\/\/www.spinic.uliege.be\/index.php\/wp-json\/wp\/v2\/users\/1"}],"replies":[{"embeddable":true,"href":"https:\/\/www.spinic.uliege.be\/index.php\/wp-json\/wp\/v2\/comments?post=399"}],"version-history":[{"count":3,"href":"https:\/\/www.spinic.uliege.be\/index.php\/wp-json\/wp\/v2\/pages\/399\/revisions"}],"predecessor-version":[{"id":498,"href":"https:\/\/www.spinic.uliege.be\/index.php\/wp-json\/wp\/v2\/pages\/399\/revisions\/498"}],"wp:attachment":[{"href":"https:\/\/www.spinic.uliege.be\/index.php\/wp-json\/wp\/v2\/media?parent=399"}],"curies":[{"name":"wp","href":"https:\/\/api.w.org\/{rel}","templated":true}]}}