{"id":43,"date":"2023-10-05T16:42:29","date_gmt":"2023-10-05T14:42:29","guid":{"rendered":"https:\/\/www.spinic.uliege.be\/?page_id=43"},"modified":"2026-05-04T14:18:09","modified_gmt":"2026-05-04T12:18:09","slug":"partenaires","status":"publish","type":"page","link":"https:\/\/www.spinic.uliege.be\/index.php\/partenaires\/","title":{"rendered":"Partenaires"},"content":{"rendered":"\n<p>Depuis 2002, le <a href=\"https:\/\/www.labset.uliege.be\" target=\"_blank\" rel=\"noreferrer noopener\">LabSET-<\/a><a href=\"https:\/\/www.labset.uliege.be\">ULi\u00e8ge<\/a> a d\u00e9velopp\u00e9\u0301 une expertise dans la coordination p\u00e9dagogique du projet <a href=\"https:\/\/www.pmtic.net\" target=\"_blank\" rel=\"noreferrer noopener\">PMTIC<\/a> (plan mobilisateur TIC). La majorit\u00e9\u0301 des actions men\u00e9es par le LabSET-ULi\u00e8ge se r\u00e9alisent en collaboration directe avec les acteurs de terrain. Ce pourquoi nous proposons de travailler avec 4 op\u00e9rateurs cl\u00e9s, experts eux aussi qui sont soit d\u00e9tenteurs de projets de formation innovants qui pourraient \u00eatre am\u00e9lior\u00e9s, test\u00e9s \u00e0 grande \u00e9chelle, r\u00e9gul\u00e9s, puis diffus\u00e9s largement au sein de la communaut\u00e9 des formateurs en charge de l\u2019inclusion num\u00e9rique des citoyens ; soit int\u00e9ress\u00e9s \u00e0 la conception de projets de formation contextualis\u00e9s et porteurs de sens ; et qui participent au nouveau dispositif de formation aux comp\u00e9tences num\u00e9riques de base pour les demandeurs d&#8217;emploi <a href=\"https:\/\/emploi.wallonie.be\/home\/numerique\/digistart.html\" target=\"_blank\" rel=\"noreferrer noopener\">Digista<\/a><a href=\"https:\/\/emploi.wallonie.be\/home\/numerique\/digistart.html\">rt<\/a> (qui remplace le PMTIC) depuis plus de 10 ans, certains depuis le d\u00e9but.<\/p>\n\n\n\n<p><\/p>\n\n\n\n<figure class=\"wp-block-image size-large\"><img loading=\"lazy\" decoding=\"async\" width=\"1024\" height=\"143\" src=\"https:\/\/www.spinic.uliege.be\/wp-content\/uploads\/2026\/05\/Logos_partenaires-1024x143.png\" alt=\"\" class=\"wp-image-1566\" srcset=\"https:\/\/www.spinic.uliege.be\/wp-content\/uploads\/2026\/05\/Logos_partenaires-1024x143.png 1024w, https:\/\/www.spinic.uliege.be\/wp-content\/uploads\/2026\/05\/Logos_partenaires-300x42.png 300w, https:\/\/www.spinic.uliege.be\/wp-content\/uploads\/2026\/05\/Logos_partenaires-768x108.png 768w, https:\/\/www.spinic.uliege.be\/wp-content\/uploads\/2026\/05\/Logos_partenaires.png 1300w\" sizes=\"(max-width: 1024px) 100vw, 1024px\" \/><\/figure>\n\n\n\n<p>Il s\u2019agit de :<\/p>\n\n\n\n<ol>\n<li><a href=\"https:\/\/aid-formation.be\" target=\"_blank\" rel=\"noreferrer noopener\">A ID\u00c9ES Nivelle<\/a><a href=\"https:\/\/aid-formation.be\">s<\/a> : op\u00e9rateur proactif, membre du plan Digistart depuis plus de 10 ans. Il participe \u00e0 un projet Erasmus + TAACTIC pour le d\u00e9veloppement des comp\u00e9tences num\u00e9riques de base.<\/li>\n\n\n\n<li><a href=\"https:\/\/funoc.be\" target=\"_blank\" rel=\"noreferrer noopener\">FUNO<\/a><a href=\"https:\/\/funoc.be\">C<\/a> \u2013 175 formateurs.<\/li>\n\n\n\n<li><a href=\"https:\/\/sofft.be\" target=\"_blank\" rel=\"noreferrer noopener\">SOFFT<\/a>&nbsp;(Service d\u2019Orientation et de Formation pour Femmes \u00e0 la recherche d\u2019un Travail), op\u00e9rateur Digistart depuis de nombreuses ann\u00e9es.<\/li>\n\n\n\n<li><a href=\"https:\/\/www.microbus.be\/\" target=\"_blank\" rel=\"noreferrer noopener\">MICROBUS<\/a><\/li>\n<\/ol>\n\n\n\n<p>Tous les op\u00e9rateurs Digistart (53 op\u00e9rateurs et 135 formateurs), EPN (160) et CISP (153 centres de formation agr\u00e9\u00e9s CISP) seront tenus au courant des r\u00e9sultats du projet et seront invit\u00e9s aux \u00e9v\u00e9nements de diss\u00e9mination.<\/p>\n\n\n\n<figure class=\"wp-block-image size-large is-resized\"><img loading=\"lazy\" decoding=\"async\" width=\"1024\" height=\"201\" src=\"https:\/\/www.spinic.uliege.be\/wp-content\/uploads\/2024\/03\/Digistart-epn-cisp-1024x201.png\" alt=\"\" class=\"wp-image-460\" style=\"width:626px;height:119px\" srcset=\"https:\/\/www.spinic.uliege.be\/wp-content\/uploads\/2024\/03\/Digistart-epn-cisp-1024x201.png 1024w, https:\/\/www.spinic.uliege.be\/wp-content\/uploads\/2024\/03\/Digistart-epn-cisp-300x59.png 300w, https:\/\/www.spinic.uliege.be\/wp-content\/uploads\/2024\/03\/Digistart-epn-cisp-768x151.png 768w, https:\/\/www.spinic.uliege.be\/wp-content\/uploads\/2024\/03\/Digistart-epn-cisp-1536x302.png 1536w, https:\/\/www.spinic.uliege.be\/wp-content\/uploads\/2024\/03\/Digistart-epn-cisp.png 1770w\" sizes=\"(max-width: 1024px) 100vw, 1024px\" \/><\/figure>\n\n\n\n<p><br>Les personnes du Gouvernement wallon en charge de Digistart, de la coordination des EPN et de la coordination des CISP seront tenues au courant des d\u00e9veloppements de ce projet.<br>A travers un maillage d\u2019op\u00e9rateurs de proximit\u00e9 exp\u00e9riment\u00e9s et qualifi\u00e9s, nous esp\u00e9rons toucher un maximum d\u2019intervenants du secteur de l\u2019orientation et de l\u2019insertion socioprofessionnelle.<\/p>\n","protected":false},"excerpt":{"rendered":"<p>Depuis 2002, le LabSET-ULi\u00e8ge a d\u00e9velopp\u00e9\u0301 une expertise dans la coordination p\u00e9dagogique du projet PMTIC (plan mobilisateur TIC). La majorit\u00e9\u0301 des actions men\u00e9es par le LabSET-ULi\u00e8ge se r\u00e9alisent en collaboration directe avec les acteurs de terrain. Ce pourquoi nous proposons de travailler avec 4 op\u00e9rateurs cl\u00e9s, experts eux aussi qui sont soit d\u00e9tenteurs de projets [&hellip;]<\/p>\n","protected":false},"author":1,"featured_media":0,"parent":0,"menu_order":0,"comment_status":"closed","ping_status":"closed","template":"","meta":{"content-type":"","_monsterinsights_skip_tracking":false,"_monsterinsights_sitenote_active":false,"_monsterinsights_sitenote_note":"","_monsterinsights_sitenote_category":0,"footnotes":""},"_links":{"self":[{"href":"https:\/\/www.spinic.uliege.be\/index.php\/wp-json\/wp\/v2\/pages\/43"}],"collection":[{"href":"https:\/\/www.spinic.uliege.be\/index.php\/wp-json\/wp\/v2\/pages"}],"about":[{"href":"https:\/\/www.spinic.uliege.be\/index.php\/wp-json\/wp\/v2\/types\/page"}],"author":[{"embeddable":true,"href":"https:\/\/www.spinic.uliege.be\/index.php\/wp-json\/wp\/v2\/users\/1"}],"replies":[{"embeddable":true,"href":"https:\/\/www.spinic.uliege.be\/index.php\/wp-json\/wp\/v2\/comments?post=43"}],"version-history":[{"count":20,"href":"https:\/\/www.spinic.uliege.be\/index.php\/wp-json\/wp\/v2\/pages\/43\/revisions"}],"predecessor-version":[{"id":1569,"href":"https:\/\/www.spinic.uliege.be\/index.php\/wp-json\/wp\/v2\/pages\/43\/revisions\/1569"}],"wp:attachment":[{"href":"https:\/\/www.spinic.uliege.be\/index.php\/wp-json\/wp\/v2\/media?parent=43"}],"curies":[{"name":"wp","href":"https:\/\/api.w.org\/{rel}","templated":true}]}}