{"id":442,"date":"2024-03-13T08:38:39","date_gmt":"2024-03-13T07:38:39","guid":{"rendered":"https:\/\/www.spinic.uliege.be\/?page_id=442"},"modified":"2024-07-02T14:02:07","modified_gmt":"2024-07-02T12:02:07","slug":"flyer","status":"publish","type":"page","link":"https:\/\/www.spinic.uliege.be\/index.php\/flyer\/","title":{"rendered":"Flyer"},"content":{"rendered":"\n<p><a href=\"https:\/\/www.spinic.uliege.be\/wp-content\/uploads\/2024\/07\/Flyer-SPINIC.pdf\" target=\"_blank\" rel=\"noreferrer noopener\">T\u00e9l\u00e9charger le flyer version pdf<\/a><\/p>\n\n\n\n<p><a href=\"https:\/\/www.spinic.uliege.be\/wp-content\/uploads\/2024\/07\/1.png\" target=\"_blank\" rel=\"noreferrer noopener\">T\u00e9l\u00e9charger le flyer version image (page recto)<\/a><\/p>\n\n\n\n<p><a href=\"https:\/\/www.spinic.uliege.be\/wp-content\/uploads\/2024\/07\/2.png\" target=\"_blank\" rel=\"noreferrer noopener\">T\u00e9l\u00e9charger le flyer version image (page verso)<\/a><\/p>\n\n\n\n<p><\/p>\n\n\n<div class=\"wp-block-image\">\n<figure class=\"aligncenter size-large\"><img loading=\"lazy\" decoding=\"async\" width=\"724\" height=\"1024\" src=\"https:\/\/www.spinic.uliege.be\/wp-content\/uploads\/2024\/07\/1-724x1024.png\" alt=\"\" class=\"wp-image-638\" srcset=\"https:\/\/www.spinic.uliege.be\/wp-content\/uploads\/2024\/07\/1-724x1024.png 724w, https:\/\/www.spinic.uliege.be\/wp-content\/uploads\/2024\/07\/1-212x300.png 212w, https:\/\/www.spinic.uliege.be\/wp-content\/uploads\/2024\/07\/1-768x1086.png 768w, https:\/\/www.spinic.uliege.be\/wp-content\/uploads\/2024\/07\/1-1086x1536.png 1086w, https:\/\/www.spinic.uliege.be\/wp-content\/uploads\/2024\/07\/1.png 1414w\" sizes=\"(max-width: 724px) 100vw, 724px\" \/><\/figure><\/div>\n\n<div class=\"wp-block-image\">\n<figure class=\"aligncenter size-large\"><img loading=\"lazy\" decoding=\"async\" width=\"724\" height=\"1024\" src=\"https:\/\/www.spinic.uliege.be\/wp-content\/uploads\/2024\/07\/2-724x1024.png\" alt=\"\" class=\"wp-image-639\" srcset=\"https:\/\/www.spinic.uliege.be\/wp-content\/uploads\/2024\/07\/2-724x1024.png 724w, https:\/\/www.spinic.uliege.be\/wp-content\/uploads\/2024\/07\/2-212x300.png 212w, https:\/\/www.spinic.uliege.be\/wp-content\/uploads\/2024\/07\/2-768x1086.png 768w, https:\/\/www.spinic.uliege.be\/wp-content\/uploads\/2024\/07\/2-1086x1536.png 1086w, https:\/\/www.spinic.uliege.be\/wp-content\/uploads\/2024\/07\/2.png 1414w\" sizes=\"(max-width: 724px) 100vw, 724px\" \/><\/figure><\/div>","protected":false},"excerpt":{"rendered":"<p>T\u00e9l\u00e9charger le flyer version pdf T\u00e9l\u00e9charger le flyer version image (page recto) T\u00e9l\u00e9charger le flyer version image (page verso)<\/p>\n","protected":false},"author":1,"featured_media":0,"parent":0,"menu_order":0,"comment_status":"closed","ping_status":"closed","template":"","meta":{"content-type":"","_monsterinsights_skip_tracking":false,"_monsterinsights_sitenote_active":false,"_monsterinsights_sitenote_note":"","_monsterinsights_sitenote_category":0,"footnotes":""},"_links":{"self":[{"href":"https:\/\/www.spinic.uliege.be\/index.php\/wp-json\/wp\/v2\/pages\/442"}],"collection":[{"href":"https:\/\/www.spinic.uliege.be\/index.php\/wp-json\/wp\/v2\/pages"}],"about":[{"href":"https:\/\/www.spinic.uliege.be\/index.php\/wp-json\/wp\/v2\/types\/page"}],"author":[{"embeddable":true,"href":"https:\/\/www.spinic.uliege.be\/index.php\/wp-json\/wp\/v2\/users\/1"}],"replies":[{"embeddable":true,"href":"https:\/\/www.spinic.uliege.be\/index.php\/wp-json\/wp\/v2\/comments?post=442"}],"version-history":[{"count":10,"href":"https:\/\/www.spinic.uliege.be\/index.php\/wp-json\/wp\/v2\/pages\/442\/revisions"}],"predecessor-version":[{"id":645,"href":"https:\/\/www.spinic.uliege.be\/index.php\/wp-json\/wp\/v2\/pages\/442\/revisions\/645"}],"wp:attachment":[{"href":"https:\/\/www.spinic.uliege.be\/index.php\/wp-json\/wp\/v2\/media?parent=442"}],"curies":[{"name":"wp","href":"https:\/\/api.w.org\/{rel}","templated":true}]}}