{"id":50,"date":"2023-10-05T16:46:15","date_gmt":"2023-10-05T14:46:15","guid":{"rendered":"https:\/\/www.spinic.uliege.be\/?page_id=50"},"modified":"2026-01-22T14:36:23","modified_gmt":"2026-01-22T13:36:23","slug":"accueil","status":"publish","type":"page","link":"https:\/\/www.spinic.uliege.be\/","title":{"rendered":"Accueil"},"content":{"rendered":"<div class=\"wp-block-image\">\n<figure class=\"aligncenter size-large is-resized\"><img loading=\"lazy\" decoding=\"async\" width=\"1024\" height=\"307\" src=\"https:\/\/www.spinic.uliege.be\/wp-content\/uploads\/2024\/03\/logo_UEwallonie_pt-1024x307.jpg\" alt=\"\" class=\"wp-image-501\" style=\"width:598px;height:auto\" srcset=\"https:\/\/www.spinic.uliege.be\/wp-content\/uploads\/2024\/03\/logo_UEwallonie_pt-1024x307.jpg 1024w, https:\/\/www.spinic.uliege.be\/wp-content\/uploads\/2024\/03\/logo_UEwallonie_pt-300x90.jpg 300w, https:\/\/www.spinic.uliege.be\/wp-content\/uploads\/2024\/03\/logo_UEwallonie_pt-768x230.jpg 768w, https:\/\/www.spinic.uliege.be\/wp-content\/uploads\/2024\/03\/logo_UEwallonie_pt-1536x461.jpg 1536w, https:\/\/www.spinic.uliege.be\/wp-content\/uploads\/2024\/03\/logo_UEwallonie_pt-2048x614.jpg 2048w\" sizes=\"(max-width: 1024px) 100vw, 1024px\" \/><\/figure><\/div>\n\n<\/p>\n<p>SPINIC est un projet financ\u00e9 par le Fonds Social Europ\u00e9en pour la p\u00e9riode de 2023-2027.<\/p>\n\n\n<p>Il rel\u00e8ve de la <strong>Priorit\u00e9 1<\/strong> et de la <strong>Mesure 3<\/strong> :<\/p>\n\n\n\n<blockquote class=\"wp-block-quote is-layout-flow wp-block-quote-is-layout-flow\">\n<p><strong>&#8220;Am\u00e9liorer l\u2019acc\u00e8s \u00e0 l\u2019emploi, renforcer la cr\u00e9ation de son propre emploi \/ activit\u00e9 et promouvoir l\u2019apprentissage tout au long de la vie&#8221;.<\/strong><\/p>\n<cite>&#8220;Soutenir l\u2019orientation tout au long de la vie pour proposer au public une \u00abporte d\u2019entr\u00e9e \u00bb \u00e0 tout moment de son parcours, vers la vie active par la mise \u00e0 disposition d\u2019outils d\u2019information et d&#8217;orientation sur le march\u00e9 du travail, les formations et les \u00e9tudes&#8221;.<br><\/cite><\/blockquote>\n\n\n\n<h2 class=\"wp-block-heading\">Mission<\/h2>\n\n\n\n<p>Cr\u00e9er un <strong>r\u00e9seau collaboratif<\/strong> <strong>au service des m\u00e9diateurs num\u00e9riques<\/strong> :<\/p>\n\n\n\n<ul>\n<li>qui <strong>accompagne les m\u00e9diateurs num\u00e9riques<\/strong> dans la conception et l\u2019animation de sc\u00e9narios p\u00e9dagogiques innovants pour construire ensemble un num\u00e9rique inclusif, \u00e9thique et accessible \u00e0 tous.<\/li>\n\n\n\n<li>qui <strong>fournit aux m\u00e9diateurs num\u00e9riques<\/strong> des outils et des m\u00e9thodes pour former efficacement leurs publics, en favorisant l\u2019inclusion, l\u2019autonomie et la compr\u00e9hension du num\u00e9rique comme levier d\u2019\u00e9mancipation.<\/li>\n<\/ul>\n\n\n\n<p><a href=\"https:\/\/www.youtube.com\/watch?v=UnYbKSu1CwE\" target=\"_blank\" rel=\"noreferrer noopener\">D\u00e9couvrir le projet SPINIC en vid\u00e9o<\/a> <\/p>\n\n\n\n<p><br><a href=\"https:\/\/www.spinic.uliege.be\/wp-content\/uploads\/2024\/07\/Flyer-SPINIC.pdf\" target=\"_blank\" rel=\"noreferrer noopener\">T\u00e9l\u00e9charger le flyer du projet SPINIC (version pdf)<\/a><\/p>\n\n\n\n<p><br><\/p>\n\n\n\n<div class=\"alignnormal\"><div id=\"metaslider-id-180\" style=\"max-width: 1600px;\" class=\"ml-slider-3-90-0 metaslider metaslider-flex metaslider-180 ml-slider ms-theme-default nav-hidden\" role=\"region\" aria-roledescription=\"Slideshow\" aria-label=\"Accueil\">\n    <div id=\"metaslider_container_180\">\n        <div id=\"metaslider_180\">\n            <ul class='slides'>\n                <li style=\"display: block; width: 100%;\" class=\"slide-315 ms-image \" aria-roledescription=\"slide\" aria-label=\"slide-315\"><img loading=\"lazy\" decoding=\"async\" src=\"https:\/\/www.spinic.uliege.be\/wp-content\/uploads\/2023\/12\/20231214_130018-scaled-1600x500.jpg\" height=\"500\" width=\"1600\" alt=\"\" class=\"slider-180 slide-315\" title=\"20231214_130018\" \/><\/li>\n                <li style=\"display: none; width: 100%;\" class=\"slide-316 ms-image \" aria-roledescription=\"slide\" aria-label=\"slide-316\"><img loading=\"lazy\" decoding=\"async\" src=\"https:\/\/www.spinic.uliege.be\/wp-content\/uploads\/2023\/12\/20231214_133533-scaled-1600x500.jpg\" height=\"500\" width=\"1600\" alt=\"\" class=\"slider-180 slide-316\" title=\"20231214_133533\" \/><\/li>\n                <li style=\"display: none; width: 100%;\" class=\"slide-317 ms-image \" aria-roledescription=\"slide\" aria-label=\"slide-317\"><img loading=\"lazy\" decoding=\"async\" src=\"https:\/\/www.spinic.uliege.be\/wp-content\/uploads\/2023\/12\/20231214_133815-scaled-1600x500.jpg\" height=\"500\" width=\"1600\" alt=\"\" class=\"slider-180 slide-317\" title=\"20231214_133815\" \/><\/li>\n                <li style=\"display: none; width: 100%;\" class=\"slide-318 ms-image \" aria-roledescription=\"slide\" aria-label=\"slide-318\"><img loading=\"lazy\" decoding=\"async\" src=\"https:\/\/www.spinic.uliege.be\/wp-content\/uploads\/2023\/12\/20231214_134226-scaled-1600x500.jpg\" height=\"500\" width=\"1600\" alt=\"\" class=\"slider-180 slide-318\" title=\"20231214_134226\" \/><\/li>\n                <li style=\"display: none; width: 100%;\" class=\"slide-319 ms-image \" aria-roledescription=\"slide\" aria-label=\"slide-319\"><img loading=\"lazy\" decoding=\"async\" src=\"https:\/\/www.spinic.uliege.be\/wp-content\/uploads\/2023\/12\/20231214_134740-scaled-1600x500.jpg\" height=\"500\" width=\"1600\" alt=\"\" class=\"slider-180 slide-319\" title=\"20231214_134740\" \/><\/li>\n                <li style=\"display: none; width: 100%;\" class=\"slide-417 ms-image \" aria-roledescription=\"slide\" aria-label=\"slide-417\"><img loading=\"lazy\" decoding=\"async\" src=\"https:\/\/www.spinic.uliege.be\/wp-content\/uploads\/2024\/03\/AID1-scaled-1600x500.jpg\" height=\"500\" width=\"1600\" alt=\"\" class=\"slider-180 slide-417\" title=\"AID1\" \/><\/li>\n                <li style=\"display: none; width: 100%;\" class=\"slide-418 ms-image \" aria-roledescription=\"slide\" aria-label=\"slide-418\"><img loading=\"lazy\" decoding=\"async\" src=\"https:\/\/www.spinic.uliege.be\/wp-content\/uploads\/2024\/03\/AID2-scaled-1600x500.jpg\" height=\"500\" width=\"1600\" alt=\"\" class=\"slider-180 slide-418\" title=\"AID2\" \/><\/li>\n                <li style=\"display: none; width: 100%;\" class=\"slide-425 ms-image \" aria-roledescription=\"slide\" aria-label=\"slide-425\"><img loading=\"lazy\" decoding=\"async\" src=\"https:\/\/www.spinic.uliege.be\/wp-content\/uploads\/2024\/03\/Capture-decran-2024-03-12-a-14.16.37-1600x500.png\" height=\"500\" width=\"1600\" alt=\"\" class=\"slider-180 slide-425\" title=\"Capture d\u2019\u00e9cran 2024-03-12 \u00e0 14.16.37\" \/><\/li>\n                <li style=\"display: none; width: 100%;\" class=\"slide-426 ms-image \" aria-roledescription=\"slide\" aria-label=\"slide-426\"><img loading=\"lazy\" decoding=\"async\" src=\"https:\/\/www.spinic.uliege.be\/wp-content\/uploads\/2024\/03\/Capture-decran-2024-03-12-a-14.16.57-1600x500.png\" height=\"500\" width=\"1600\" alt=\"\" class=\"slider-180 slide-426\" title=\"Capture d\u2019\u00e9cran 2024-03-12 \u00e0 14.16.57\" \/><\/li>\n                <li style=\"display: none; width: 100%;\" class=\"slide-427 ms-image \" aria-roledescription=\"slide\" aria-label=\"slide-427\"><img loading=\"lazy\" decoding=\"async\" src=\"https:\/\/www.spinic.uliege.be\/wp-content\/uploads\/2024\/03\/Capture-decran-2024-03-12-a-14.17.09-1600x500.png\" height=\"500\" width=\"1600\" alt=\"\" class=\"slider-180 slide-427\" title=\"Capture d\u2019\u00e9cran 2024-03-12 \u00e0 14.17.09\" \/><\/li>\n                <li style=\"display: none; width: 100%;\" class=\"slide-428 ms-image \" aria-roledescription=\"slide\" aria-label=\"slide-428\"><img loading=\"lazy\" decoding=\"async\" src=\"https:\/\/www.spinic.uliege.be\/wp-content\/uploads\/2024\/03\/Capture-decran-2024-03-12-a-14.17.27-1600x500.png\" height=\"500\" width=\"1600\" alt=\"\" class=\"slider-180 slide-428\" title=\"Capture d\u2019\u00e9cran 2024-03-12 \u00e0 14.17.27\" \/><\/li>\n                <li style=\"display: none; width: 100%;\" class=\"slide-430 ms-image \" aria-roledescription=\"slide\" aria-label=\"slide-430\"><img loading=\"lazy\" decoding=\"async\" src=\"https:\/\/www.spinic.uliege.be\/wp-content\/uploads\/2024\/03\/Capture-decran-2024-03-12-a-14.18.00-1600x500.png\" height=\"500\" width=\"1600\" alt=\"\" class=\"slider-180 slide-430\" title=\"Capture d\u2019\u00e9cran 2024-03-12 \u00e0 14.18.00\" \/><\/li>\n                <li style=\"display: none; width: 100%;\" class=\"slide-432 ms-image \" aria-roledescription=\"slide\" aria-label=\"slide-432\"><img loading=\"lazy\" decoding=\"async\" src=\"https:\/\/www.spinic.uliege.be\/wp-content\/uploads\/2024\/03\/384549251_883509403331176_2939463856782546741_n-1600x500.jpg\" height=\"500\" width=\"1600\" alt=\"\" class=\"slider-180 slide-432\" title=\"384549251_883509403331176_2939463856782546741_n\" \/><\/li>\n            <\/ul>\n        <\/div>\n        \n    <\/div>\n<\/div><\/div>\n","protected":false},"excerpt":{"rendered":"<p>SPINIC est un projet financ\u00e9 par le Fonds Social Europ\u00e9en pour la p\u00e9riode de 2023-2027. Il rel\u00e8ve de la Priorit\u00e9 1 et de la Mesure 3 : &#8220;Am\u00e9liorer l\u2019acc\u00e8s \u00e0 l\u2019emploi, renforcer la cr\u00e9ation de son propre emploi \/ activit\u00e9 et promouvoir l\u2019apprentissage tout au long de la vie&#8221;. &#8220;Soutenir l\u2019orientation tout au long de [&hellip;]<\/p>\n","protected":false},"author":1,"featured_media":0,"parent":0,"menu_order":0,"comment_status":"closed","ping_status":"closed","template":"","meta":{"content-type":"","_monsterinsights_skip_tracking":false,"_monsterinsights_sitenote_active":false,"_monsterinsights_sitenote_note":"","_monsterinsights_sitenote_category":0,"footnotes":""},"_links":{"self":[{"href":"https:\/\/www.spinic.uliege.be\/index.php\/wp-json\/wp\/v2\/pages\/50"}],"collection":[{"href":"https:\/\/www.spinic.uliege.be\/index.php\/wp-json\/wp\/v2\/pages"}],"about":[{"href":"https:\/\/www.spinic.uliege.be\/index.php\/wp-json\/wp\/v2\/types\/page"}],"author":[{"embeddable":true,"href":"https:\/\/www.spinic.uliege.be\/index.php\/wp-json\/wp\/v2\/users\/1"}],"replies":[{"embeddable":true,"href":"https:\/\/www.spinic.uliege.be\/index.php\/wp-json\/wp\/v2\/comments?post=50"}],"version-history":[{"count":43,"href":"https:\/\/www.spinic.uliege.be\/index.php\/wp-json\/wp\/v2\/pages\/50\/revisions"}],"predecessor-version":[{"id":1500,"href":"https:\/\/www.spinic.uliege.be\/index.php\/wp-json\/wp\/v2\/pages\/50\/revisions\/1500"}],"wp:attachment":[{"href":"https:\/\/www.spinic.uliege.be\/index.php\/wp-json\/wp\/v2\/media?parent=50"}],"curies":[{"name":"wp","href":"https:\/\/api.w.org\/{rel}","templated":true}]}}