{"id":515,"date":"2024-03-14T09:10:24","date_gmt":"2024-03-14T08:10:24","guid":{"rendered":"https:\/\/www.spinic.uliege.be\/?page_id=515"},"modified":"2024-03-15T08:24:52","modified_gmt":"2024-03-15T07:24:52","slug":"creation-de-jeux-educatifs-numeriques","status":"publish","type":"page","link":"https:\/\/www.spinic.uliege.be\/index.php\/creation-de-jeux-educatifs-numeriques\/","title":{"rendered":"Cr\u00e9ation de jeux \u00e9ducatifs num\u00e9riques"},"content":{"rendered":"\n<p>Date de mise \u00e0 jour : 14\/03\/24<\/p>\n\n\n\n<div data-wp-interactive=\"core\/file\" class=\"wp-block-file\"><object data-wp-bind--hidden=\"!state.hasPdfPreview\"  class=\"wp-block-file__embed\" data=\"https:\/\/www.spinic.uliege.be\/wp-content\/uploads\/2024\/03\/FUNOC_BON_VF.pdf\" type=\"application\/pdf\" style=\"width:100%;height:600px\" aria-label=\"Contenu embarqu\u00e9 FUNOC_BON_VF.\"><\/object><a id=\"wp-block-file--media-4310e06c-59bd-46cd-b880-301383de9f8b\" href=\"https:\/\/www.spinic.uliege.be\/wp-content\/uploads\/2024\/03\/FUNOC_BON_VF.pdf\">FUNOC_BON_VF<\/a><a href=\"https:\/\/www.spinic.uliege.be\/wp-content\/uploads\/2024\/03\/FUNOC_BON_VF.pdf\" class=\"wp-block-file__button wp-element-button\" download aria-describedby=\"wp-block-file--media-4310e06c-59bd-46cd-b880-301383de9f8b\">T\u00e9l\u00e9charger<\/a><\/div>\n","protected":false},"excerpt":{"rendered":"<p>Date de mise \u00e0 jour : 14\/03\/24<\/p>\n","protected":false},"author":1,"featured_media":0,"parent":0,"menu_order":0,"comment_status":"closed","ping_status":"closed","template":"","meta":{"content-type":"","_monsterinsights_skip_tracking":false,"_monsterinsights_sitenote_active":false,"_monsterinsights_sitenote_note":"","_monsterinsights_sitenote_category":0,"footnotes":""},"_links":{"self":[{"href":"https:\/\/www.spinic.uliege.be\/index.php\/wp-json\/wp\/v2\/pages\/515"}],"collection":[{"href":"https:\/\/www.spinic.uliege.be\/index.php\/wp-json\/wp\/v2\/pages"}],"about":[{"href":"https:\/\/www.spinic.uliege.be\/index.php\/wp-json\/wp\/v2\/types\/page"}],"author":[{"embeddable":true,"href":"https:\/\/www.spinic.uliege.be\/index.php\/wp-json\/wp\/v2\/users\/1"}],"replies":[{"embeddable":true,"href":"https:\/\/www.spinic.uliege.be\/index.php\/wp-json\/wp\/v2\/comments?post=515"}],"version-history":[{"count":4,"href":"https:\/\/www.spinic.uliege.be\/index.php\/wp-json\/wp\/v2\/pages\/515\/revisions"}],"predecessor-version":[{"id":582,"href":"https:\/\/www.spinic.uliege.be\/index.php\/wp-json\/wp\/v2\/pages\/515\/revisions\/582"}],"wp:attachment":[{"href":"https:\/\/www.spinic.uliege.be\/index.php\/wp-json\/wp\/v2\/media?parent=515"}],"curies":[{"name":"wp","href":"https:\/\/api.w.org\/{rel}","templated":true}]}}