{"id":59,"date":"2023-10-05T16:58:20","date_gmt":"2023-10-05T14:58:20","guid":{"rendered":"https:\/\/www.spinic.uliege.be\/?page_id=59"},"modified":"2025-11-27T09:52:39","modified_gmt":"2025-11-27T08:52:39","slug":"exemple-de-spi-aid-nivelles","status":"publish","type":"page","link":"https:\/\/www.spinic.uliege.be\/index.php\/exemple-de-spi-aid-nivelles\/","title":{"rendered":"e-portfolio (AID Nivelles)"},"content":{"rendered":"\n<h2 class=\"wp-block-heading\">Contexte<\/h2>\n\n\n\n<p>Cette activit\u00e9 a pris place dans une formation en bureautique pour un groupe de stagiaires en insertion socio-professionnelle au CISP&nbsp;<a href=\"https:\/\/aid-formation.be\/\" target=\"_blank\" rel=\"noreferrer noopener\">AId\u00e9es Formation<\/a><a href=\"https:\/\/aid-formation.be\/\"> de Nivelles<\/a>.<\/p>\n\n\n\n<p>L\u2019\u00e9quipe p\u00e9dagogique a d\u00e9cid\u00e9 de concevoir un portfolio de pr\u00e9sentation sous forme d\u2019un site web, car sa r\u00e9alisation permettait de transf\u00e9rer dans une activit\u00e9 contextualis\u00e9e, la mise en \u0153uvre de nombreux savoirs et savoirs-faire travaill\u00e9s jusque-l\u00e0 dans la formation.<\/p>\n\n\n\n<p>Cette activit\u00e9 permet au stagiaire de travailler son autonomie en r\u00e9alisant un outil de pr\u00e9sentation qui peut lui servir au sortir de la formation et \u00eatre utilement joint \u00e0 un CV.<\/p>\n\n\n\n<h2 class=\"wp-block-heading\">Public<\/h2>\n\n\n\n<p>18 stagiaires en insertion socio-professionnelle, suivant la fili\u00e8re de formation bureautique, s\u2019\u00e9talant de d\u00e9but septembre \u00e0 d\u00e9but juillet.<\/p>\n\n\n\n<h2 class=\"wp-block-heading\">R\u00e9sum\u00e9<\/h2>\n\n\n\n<p>Le but de cette activit\u00e9 est de pouvoir travailler de fa\u00e7on int\u00e9gr\u00e9e et contextualis\u00e9e en r\u00e9alisant un projet qui fait sens pour le stagiaire.&nbsp;<\/p>\n\n\n\n<p><em>Chaque stagiaire a cr\u00e9\u00e9 un site web pr\u00e9sentant son portfolio de pr\u00e9sentation dans lequel il expose plusieurs r\u00e9alisations dont il est fier&nbsp;: la ma\u00eetrise de certains outils bureautiques, des missions effectu\u00e9es en stage, sa participation au projet mini-entreprise ainsi que certaines de ses comp\u00e9tences valid\u00e9es.<\/em><\/p>\n\n\n\n<p>Ce projet interdisciplinaire a n\u00e9cessit\u00e9 la mobilisation :<\/p>\n\n\n\n<ul>\n<li>des apprentissages du cours de fran\u00e7ais,&nbsp;<\/li>\n\n\n\n<li>des \u00e9l\u00e9ments de base d&#8217;usage du num\u00e9rique,&nbsp;<\/li>\n\n\n\n<li>de l\u2019apprentissage n\u00e9cessaire \u00e0 l\u2019usage de base de WIX,<\/li>\n\n\n\n<li>de la mise en place d\u2019une d\u00e9marche de travail par recherche et d\u00e9couverte (attitude face \u00e0 la nouveaut\u00e9, capacit\u00e9 d\u2019adaptation, capacit\u00e9 de r\u00e9solution des probl\u00e8mes rencontr\u00e9s),<\/li>\n\n\n\n<li>de gestion de projet et de prise de confiance en soi.<\/li>\n<\/ul>\n\n\n\n<h2 class=\"wp-block-heading\">\u00c0 \u00e9pingler<\/h2>\n\n\n\n<p><\/p>\n\n\n\n<ul>\n<li>Activit\u00e9 authentique et en ad\u00e9quation avec le but de la formation<\/li>\n\n\n\n<li>Petit \u00e9quipe p\u00e9dagogique engag\u00e9e avec un soutien fort de la Direction. \u00c0 terme, l\u2019\u00e9quipe esp\u00e8re voir cette d\u00e9marche p\u00e9dagogique de SPI diffus\u00e9e \u00e0 d\u2019autres membres de l\u2019\u00e9quipe p\u00e9dagogique dans d&#8217;autres formations dispens\u00e9e \u00e0 l\u2019AId\u00e9es Formation<\/li>\n\n\n\n<li>Dur\u00e9e de la formation suffisante (une ann\u00e9e) et possibilit\u00e9 de travailler en autonomie dans des moments d\u00e9di\u00e9s<\/li>\n\n\n\n<li>Supports techniques approfondis permettant la r\u00e9alisation de la t\u00e2che (cours, manuel d&#8217;utilisation, analyse d&#8217;exemples dans Wix, etc.)<\/li>\n\n\n\n<li>Formateurs disponibles pour soutenir les stagiaires \u00e0 tout moment<\/li>\n\n\n\n<li>Choix d\u2019un bon outil pour le d\u00e9veloppement de leur site (intuitif et proposant de nombreux mod\u00e8les pr\u00e9d\u00e9finis)<\/li>\n<\/ul>\n\n\n\n<h2 class=\"wp-block-heading\">Ressources \u00e0 consulter<\/h2>\n\n\n\n<p><a href=\"https:\/\/www.spinic.uliege.be\/wp-content\/uploads\/2024\/03\/AID_Nivelles_BON_VF-1.pdf\" target=\"_blank\" rel=\"noreferrer noopener\">Mallette P\u00e9dagogique<\/a><\/p>\n\n\n\n<p><a href=\"https:\/\/www.spinic.uliege.be\/wp-content\/uploads\/2024\/03\/Qualite_scenario_pedagogique_AID.pdf\" target=\"_blank\" rel=\"noreferrer noopener\">Grille d&#8217;\u00e9valuation de la qualit\u00e9 p\u00e9dagogique du SPI<\/a><\/p>\n\n\n\n<p><a href=\"https:\/\/www.youtube.com\/watch?v=sNIpyPAmMQQ\" target=\"_blank\" rel=\"noreferrer noopener\">T\u00e9moignages (13:46 min.)<\/a><\/p>\n\n\n\n<p><\/p>\n\n\n\n<h2 class=\"wp-block-heading\">Exemples de portfolios<\/h2>\n\n\n\n<p><a href=\"https:\/\/www.spinic.uliege.be\/wp-content\/uploads\/2025\/11\/Portfolio-1-.pdf\" data-type=\"attachment\" data-id=\"1195\" target=\"_blank\" rel=\"noreferrer noopener\">Portfolio 1<\/a><\/p>\n\n\n\n<p><a href=\"https:\/\/www.spinic.uliege.be\/wp-content\/uploads\/2025\/11\/Portfolio-2.pdf\" data-type=\"attachment\" data-id=\"1198\" target=\"_blank\" rel=\"noreferrer noopener\">Portfolio 2<\/a><\/p>\n\n\n\n<p><a href=\"https:\/\/www.spinic.uliege.be\/wp-content\/uploads\/2025\/11\/Portfolio-3-.pdf\" data-type=\"attachment\" data-id=\"1200\" target=\"_blank\" rel=\"noreferrer noopener\">Portfolio 3<\/a><\/p>\n\n\n\n<p><a href=\"https:\/\/www.spinic.uliege.be\/wp-content\/uploads\/2025\/11\/Portfolio-4.pdf\" data-type=\"attachment\" data-id=\"1202\" target=\"_blank\" rel=\"noreferrer noopener\">Portfolio 4<\/a><\/p>\n\n\n\n<p><a href=\"https:\/\/www.spinic.uliege.be\/wp-content\/uploads\/2025\/11\/Portfolio-5.pdf\" data-type=\"attachment\" data-id=\"1204\" target=\"_blank\" rel=\"noreferrer noopener\">Portfolio 5<\/a><\/p>\n\n\n\n<p><a href=\"https:\/\/www.spinic.uliege.be\/wp-content\/uploads\/2025\/11\/Portfolio-6.pdf\" data-type=\"attachment\" data-id=\"1212\" target=\"_blank\" rel=\"noreferrer noopener\">Portfolio 6<\/a><\/p>\n\n\n\n<p><a href=\"https:\/\/www.spinic.uliege.be\/wp-content\/uploads\/2025\/11\/Portfolio-7.pdf\" data-type=\"attachment\" data-id=\"1214\" target=\"_blank\" rel=\"noreferrer noopener\">Portfolio 7<\/a><\/p>\n\n\n\n<p><a href=\"http:\/\/portfolio 8\" target=\"_blank\" rel=\"noreferrer noopener\">Portfolio 8<\/a><\/p>\n\n\n\n<p><a href=\"https:\/\/www.spinic.uliege.be\/wp-content\/uploads\/2025\/11\/Portfolio-9.pdf\" data-type=\"attachment\" data-id=\"1218\" target=\"_blank\" rel=\"noreferrer noopener\">Portfolio 9<\/a><\/p>\n\n\n\n<ul><\/ul>\n","protected":false},"excerpt":{"rendered":"<p>Contexte Cette activit\u00e9 a pris place dans une formation en bureautique pour un groupe de stagiaires en insertion socio-professionnelle au CISP&nbsp;AId\u00e9es Formation de Nivelles. L\u2019\u00e9quipe p\u00e9dagogique a d\u00e9cid\u00e9 de concevoir un portfolio de pr\u00e9sentation sous forme d\u2019un site web, car sa r\u00e9alisation permettait de transf\u00e9rer dans une activit\u00e9 contextualis\u00e9e, la mise en \u0153uvre de nombreux [&hellip;]<\/p>\n","protected":false},"author":1,"featured_media":0,"parent":0,"menu_order":0,"comment_status":"closed","ping_status":"closed","template":"","meta":{"content-type":"","_monsterinsights_skip_tracking":false,"_monsterinsights_sitenote_active":false,"_monsterinsights_sitenote_note":"","_monsterinsights_sitenote_category":0,"footnotes":""},"_links":{"self":[{"href":"https:\/\/www.spinic.uliege.be\/index.php\/wp-json\/wp\/v2\/pages\/59"}],"collection":[{"href":"https:\/\/www.spinic.uliege.be\/index.php\/wp-json\/wp\/v2\/pages"}],"about":[{"href":"https:\/\/www.spinic.uliege.be\/index.php\/wp-json\/wp\/v2\/types\/page"}],"author":[{"embeddable":true,"href":"https:\/\/www.spinic.uliege.be\/index.php\/wp-json\/wp\/v2\/users\/1"}],"replies":[{"embeddable":true,"href":"https:\/\/www.spinic.uliege.be\/index.php\/wp-json\/wp\/v2\/comments?post=59"}],"version-history":[{"count":36,"href":"https:\/\/www.spinic.uliege.be\/index.php\/wp-json\/wp\/v2\/pages\/59\/revisions"}],"predecessor-version":[{"id":1384,"href":"https:\/\/www.spinic.uliege.be\/index.php\/wp-json\/wp\/v2\/pages\/59\/revisions\/1384"}],"wp:attachment":[{"href":"https:\/\/www.spinic.uliege.be\/index.php\/wp-json\/wp\/v2\/media?parent=59"}],"curies":[{"name":"wp","href":"https:\/\/api.w.org\/{rel}","templated":true}]}}