{"id":61,"date":"2023-10-05T16:58:36","date_gmt":"2023-10-05T14:58:36","guid":{"rendered":"https:\/\/www.spinic.uliege.be\/?page_id=61"},"modified":"2026-04-17T14:37:38","modified_gmt":"2026-04-17T12:37:38","slug":"exemple-de-spi-sofft","status":"publish","type":"page","link":"https:\/\/www.spinic.uliege.be\/index.php\/exemple-de-spi-sofft\/","title":{"rendered":"Storytelling (SOFFT)"},"content":{"rendered":"\n<h2 class=\"wp-block-heading\">Contexte<\/h2>\n\n\n\n<p><a href=\"https:\/\/sofft.be\" target=\"_blank\" rel=\"noreferrer noopener\">Sofft<\/a> est un CISP qui propose des formations \u00e0 des femmes pr\u00e9caris\u00e9es \u00e9loign\u00e9es de l&#8217;emploi. Parmi les formations propos\u00e9es&nbsp;:<\/p>\n\n\n\n<ul>\n<li><a href=\"https:\/\/sofft.be\/digit-l\/\">Digit-L<\/a>&nbsp;est la formation en informatique et num\u00e9rique. La formation explore les domaines de l&#8217;informatique de base, la bureautique et le num\u00e9rique \u00e0 travers des applications du quotidien<\/li>\n\n\n\n<li><a href=\"https:\/\/sofft.be\/lea\/\">LEA<\/a>&nbsp;travaille la confiance en soi \u00e0 travers la vie de groupe et la d\u00e9finition de leur projet personnel et professionnel<\/li>\n\n\n\n<li><a href=\"https:\/\/sofft.be\/francais-langue-etrangere\/\">FLE<\/a>, formation en fran\u00e7ais langue \u00e9trang\u00e8re&nbsp;<\/li>\n\n\n\n<li><a href=\"https:\/\/sofft.be\/orientation-professionnelle\/\" target=\"_blank\" rel=\"noreferrer noopener\">Orientation Professionnelle (OP)<\/a> : travailler sur soi en collectif, du bilan au projet professionnel ou personnel, A<\/li>\n\n\n\n<li><a href=\"https:\/\/sofft.be\/accompagnement-individuel\/\" target=\"_blank\" rel=\"noreferrer noopener\">Accompagnement Individuel<\/a><a href=\"https:\/\/sofft.be\/accompagnement-individuel\/\"> <\/a>: derni\u00e8re ligne droite vers l&#8217;emploi, confirmer son projet et le confronter au march\u00e9 de l&#8217;emploi&nbsp;<\/li>\n<\/ul>\n\n\n\n<p>L\u2019\u00e9quipe p\u00e9dagogique a d\u00e9cid\u00e9 d\u2019int\u00e9grer une activit\u00e9 de storytelling en fin de formation Digit-L pour permettre aux participantes de mettre en \u0153uvre les apprentissages r\u00e9alis\u00e9s. Souvent fragilis\u00e9es par des parcours scolaires ou de vie difficiles, cette activit\u00e9 leur permet de gagner en estime de soi \u00e0 travers une r\u00e9alisation tr\u00e8s personnelle qui arrive au moment o\u00f9 des liens de confiance se sont cr\u00e9\u00e9s entre les personnes du groupe et o\u00f9 les peurs face \u00e0 l\u2019outil informatique sont minimis\u00e9es.<\/p>\n\n\n\n<h2 class=\"wp-block-heading\">Public<\/h2>\n\n\n\n<p>8 participantes en insertion socio-professionnelle, suivant la formation Digit-L, s\u2019\u00e9talant sur 4 \u00e0 5 mois. Certaines d\u2019entre elles ont \u00e9galement suivi d&#8217;autres formations chez Sofft (LEA, FLE, OP, etc.)<\/p>\n\n\n\n<h2 class=\"wp-block-heading\">R\u00e9sum\u00e9<\/h2>\n\n\n\n<p><em>Dans l\u2019activit\u00e9 storytelling, qui dure une semaine, les participantes doivent partir d\u2019un \u00e9v\u00e9nement personnel et en faire une histoire structur\u00e9e pr\u00e9sent\u00e9e \u00e0 travers une vid\u00e9o sonoris\u00e9e.<\/em><\/p>\n\n\n\n<p>Cette activit\u00e9 qui mobilise l&#8217;ensemble des comp\u00e9tences techniques apprises pendant la formation mais aussi des connaissances en fran\u00e7ais oral et \u00e9crit, a surtout pour but de prendre du recul sur l\u2019\u00e9v\u00e9nement racont\u00e9 dans l\u2019histoire, de d\u00e9velopper sa confiance en soi et son estime personnelle, de se livrer autrement que par la parole et de transformer l\u2019\u00e9v\u00e9nement relat\u00e9 en quelque chose de positif.<\/p>\n\n\n\n<p>L\u2019activit\u00e9 permet aux participantes&nbsp;:&nbsp;<\/p>\n\n\n\n<ul>\n<li>D\u2019avoir un temps d\u2019introspection et de r\u00e9flexion, de parler d\u2019elles, de prendre du temps pour elles&nbsp;<\/li>\n\n\n\n<li>De se mettre en sc\u00e8ne gr\u00e2ce au visionnage des r\u00e9alisations par le groupe&nbsp;<\/li>\n\n\n\n<li>D\u2019inspirer les autres par son chemin de vie et sa r\u00e9silience<\/li>\n<\/ul>\n\n\n\n<p>Cette activit\u00e9 est une collaboration entre l\u2019ensemble des formatrices impliqu\u00e9es dans la fili\u00e8re Digit-L.<\/p>\n\n\n\n<h2 class=\"wp-block-heading\">\u00c0 \u00e9pingler<\/h2>\n\n\n\n<ul>\n<li>L\u2019activit\u00e9 finalise une formation de 4 mois pendant laquelle les participantes et les formatrices ont eu l\u2019occasion de cr\u00e9er une relation de confiance entre elles et r\u00e9duire leurs appr\u00e9hensions face \u00e0 l\u2019outil num\u00e9rique. L\u2019activit\u00e9 incite les participantes \u00e0 se centrer sur des \u00e9v\u00e9nements fondateurs de leur vie qui sont souvent intimes. Rendre publique son histoire peut s\u2019av\u00e9rer difficile. Ce contexte de confiance en a \u00e9t\u00e9 un r\u00e9el d\u00e9clencheur.<\/li>\n\n\n\n<li>Une \u00e9quipe pluridisciplinaire de formatrice assure la mise en \u0153uvre du projet. Elles sont centr\u00e9es sur l\u2019autonomisation des participantes et assurent un encadrement responsabilisant.<\/li>\n\n\n\n<li>L\u2019activit\u00e9 est organis\u00e9e sur une semaine de travail \u00e0 temps-plein, ce qui permet aux participantes de concentrer leur attention sur cette r\u00e9alisation et planifier plus facilement les t\u00e2ches \u00e0 r\u00e9aliser.<\/li>\n\n\n\n<li>L\u2019activit\u00e9 a permis de r\u00e9aliser des apprentissages nouveaux (ex. utilisation d\u2019outils d\u2019IA pour la cr\u00e9ation d\u2019images).<\/li>\n<\/ul>\n\n\n\n<h2 class=\"wp-block-heading\">Storytelling chez AID Nivelles :<strong><em> se raconter pour lib\u00e9rer ses talents<\/em><\/strong><\/h2>\n\n\n\n<p><\/p>\n\n\n\n<p>Ce projet agit donc comme un&nbsp;<strong>v\u00e9ritable levier d\u2019engagement et de transformation<\/strong>. Certains stagiaires insistent sur la confiance apport\u00e9e par le projet et disent&nbsp;:&nbsp;<\/p>\n\n\n\n<blockquote class=\"wp-block-quote is-layout-flow wp-block-quote-is-layout-flow\">\n<p>\u00ab J\u2019ai pu pr\u00e9senter la meilleure version de moi-m\u00eame. \u00bb<\/p>\n\n\n\n<p>\u00ab J\u2019admire le feuillage des autres et j\u2019ai appris \u00e0 rester dans l\u2019ombre et \u00e0 les observer. Maintenant apr\u00e8s cette exp\u00e9rience, mes racines sont l\u00e0 o\u00f9 je pourrais m\u2019\u00e9panouir, c\u00e0d \u00e0 l\u2019AID. \u00bb<\/p>\n\n\n\n<p>\u00ab J&#8217;ai vu mes \u00e9checs comme des \u00e9tapes et j&#8217;ai compris que : ma valeur d\u00e9pend de ma capacit\u00e9 \u00e0 pers\u00e9v\u00e9rer. \u00bb<\/p>\n\n\n\n<p>\u00ab Le job de mes r\u00eaves, c\u2019est d\u2019\u00eatre moi.&nbsp; J\u2019ai fait trop de temps partiels, alors vivement le plein emploi. \u00bb<\/p>\n\n\n\n<p>&#8220;Ce projet \u00e9tait un travail d\u2019introspection. Je savais o\u00f9 aller. C\u00f4t\u00e9 technique l\u2019outil Canva \u00e9tait top. Au final je me suis dit : you are an amazing human.&#8221;<\/p>\n\n\n\n<p>&#8220;Ce projet a \u00e9t\u00e9 un fil conducteur invisible pour jongler avec les \u00e9motions et prendre confiance en soi.&#8221;<\/p>\n<\/blockquote>\n\n\n\n<p><\/p>\n\n\n\n<p class=\"has-text-align-center\"><\/p>\n\n\n\n<h3 class=\"wp-block-heading\">Pr\u00e9sentation de l&#8217;activit\u00e9 par les stagiaires<\/h3>\n\n\n\n<p><a href=\"https:\/\/www.spinic.uliege.be\/wp-content\/uploads\/2026\/04\/Presented-by-Fernanda-Therese-KarolinaGaytan.mp4\" data-type=\"attachment\" data-id=\"1546\" target=\"_blank\" rel=\"noreferrer noopener\">Pr\u00e9sentation 1<\/a><\/p>\n\n\n\n<p><a href=\"https:\/\/www.spinic.uliege.be\/wp-content\/uploads\/2026\/04\/presentatiion-final.mp4\" data-type=\"attachment\" data-id=\"1547\" target=\"_blank\" rel=\"noreferrer noopener\">Pr\u00e9sentation 2<\/a><\/p>\n\n\n\n<p><a href=\"https:\/\/www.spinic.uliege.be\/wp-content\/uploads\/2026\/04\/Interview_Sokhna_Mellissa.mp3\" data-type=\"attachment\" data-id=\"1553\" target=\"_blank\" rel=\"noreferrer noopener\">Pr\u00e9sentation 3<\/a><\/p>\n\n\n\n<h3 class=\"wp-block-heading\">Exemple de Storytelling<\/h3>\n\n\n\n<p><a href=\"https:\/\/www.spinic.uliege.be\/wp-content\/uploads\/2026\/04\/Blue-Cartoon-Playful-Animated-Welcome-Youtube-Intro-Videocorrection.mp4\" data-type=\"attachment\" data-id=\"1548\" target=\"_blank\" rel=\"noreferrer noopener\">Lien vers l&#8217;exemple<\/a><\/p>\n\n\n\n<h2 class=\"wp-block-heading\">Liens vers des ressources utiles<\/h2>\n\n\n\n<p><a href=\"https:\/\/www.spinic.uliege.be\/wp-content\/uploads\/2024\/03\/Sofft_BON_VF.pdf\" target=\"_blank\" rel=\"noreferrer noopener\">Mallette p\u00e9dagogique<\/a><\/p>\n\n\n\n<p><a href=\"https:\/\/www.spinic.uliege.be\/wp-content\/uploads\/2024\/03\/Qualite_scenario_pedagogique_SOFFT.pdf\" target=\"_blank\" rel=\"noreferrer noopener\">Grille d&#8217;\u00e9valuation de la qualit\u00e9 p\u00e9dagogique du SPI<\/a><\/p>\n\n\n\n<p><\/p>\n\n\n\n<p><\/p>\n\n\n\n<p><a href=\"https:\/\/www.youtube.com\/watch?v=1yu62bskLyA\" target=\"_blank\" rel=\"noreferrer noopener\">T\u00e9moignages (version courte : 07:40 min.)<\/a><\/p>\n\n\n\n<p><a href=\"https:\/\/www.youtube.com\/watch?v=V-1tLlLe6D4\" target=\"_blank\" rel=\"noreferrer noopener\">Nomination aux Formas d&#8217;Or 2024 (03:13 min.)<\/a><\/p>\n\n\n\n<ul>\n<li><\/li>\n<\/ul>\n","protected":false},"excerpt":{"rendered":"<p>Contexte Sofft est un CISP qui propose des formations \u00e0 des femmes pr\u00e9caris\u00e9es \u00e9loign\u00e9es de l&#8217;emploi. Parmi les formations propos\u00e9es&nbsp;: L\u2019\u00e9quipe p\u00e9dagogique a d\u00e9cid\u00e9 d\u2019int\u00e9grer une activit\u00e9 de storytelling en fin de formation Digit-L pour permettre aux participantes de mettre en \u0153uvre les apprentissages r\u00e9alis\u00e9s. Souvent fragilis\u00e9es par des parcours scolaires ou de vie difficiles, [&hellip;]<\/p>\n","protected":false},"author":1,"featured_media":0,"parent":0,"menu_order":0,"comment_status":"closed","ping_status":"closed","template":"","meta":{"content-type":"","_monsterinsights_skip_tracking":false,"_monsterinsights_sitenote_active":false,"_monsterinsights_sitenote_note":"","_monsterinsights_sitenote_category":0,"footnotes":""},"_links":{"self":[{"href":"https:\/\/www.spinic.uliege.be\/index.php\/wp-json\/wp\/v2\/pages\/61"}],"collection":[{"href":"https:\/\/www.spinic.uliege.be\/index.php\/wp-json\/wp\/v2\/pages"}],"about":[{"href":"https:\/\/www.spinic.uliege.be\/index.php\/wp-json\/wp\/v2\/types\/page"}],"author":[{"embeddable":true,"href":"https:\/\/www.spinic.uliege.be\/index.php\/wp-json\/wp\/v2\/users\/1"}],"replies":[{"embeddable":true,"href":"https:\/\/www.spinic.uliege.be\/index.php\/wp-json\/wp\/v2\/comments?post=61"}],"version-history":[{"count":51,"href":"https:\/\/www.spinic.uliege.be\/index.php\/wp-json\/wp\/v2\/pages\/61\/revisions"}],"predecessor-version":[{"id":1563,"href":"https:\/\/www.spinic.uliege.be\/index.php\/wp-json\/wp\/v2\/pages\/61\/revisions\/1563"}],"wp:attachment":[{"href":"https:\/\/www.spinic.uliege.be\/index.php\/wp-json\/wp\/v2\/media?parent=61"}],"curies":[{"name":"wp","href":"https:\/\/api.w.org\/{rel}","templated":true}]}}