{"id":658,"date":"2024-10-03T11:07:42","date_gmt":"2024-10-03T09:07:42","guid":{"rendered":"https:\/\/www.spinic.uliege.be\/?page_id=658"},"modified":"2025-11-27T10:05:54","modified_gmt":"2025-11-27T09:05:54","slug":"carnet-de-bonnes-idees-sofft","status":"publish","type":"page","link":"https:\/\/www.spinic.uliege.be\/index.php\/carnet-de-bonnes-idees-sofft\/","title":{"rendered":"Carnet de bons plans (SOFFT)"},"content":{"rendered":"\n<h2 class=\"wp-block-heading\">Contexte<\/h2>\n\n\n\n<p><a href=\"https:\/\/sofft.be\" target=\"_blank\" rel=\"noreferrer noopener\">Sofft<\/a>&nbsp;est un CISP qui propose des formations \u00e0 des femmes pr\u00e9caris\u00e9es \u00e9loign\u00e9es de l\u2019emploi. Parmi les formations propos\u00e9es&nbsp;:<\/p>\n\n\n\n<ul>\n<li><a href=\"https:\/\/sofft.be\/digit-l\/\">Digit-L<\/a>&nbsp;est la formation en informatique et num\u00e9rique. La formation explore les domaines de l\u2019informatique de base, la bureautique et le num\u00e9rique \u00e0 travers des applications du quotidien<\/li>\n\n\n\n<li><a href=\"https:\/\/sofft.be\/lea\/\">LEA<\/a>&nbsp;travaille la confiance en soi \u00e0 travers la vie de groupe et la d\u00e9finition de leur projet personnel et professionnel<\/li>\n\n\n\n<li><a href=\"https:\/\/sofft.be\/francais-langue-etrangere\/\">FLE<\/a>, formation en fran\u00e7ais langue \u00e9trang\u00e8re&nbsp;<\/li>\n\n\n\n<li><a href=\"https:\/\/sofft.be\/orientation-professionnelle\/\" target=\"_blank\" rel=\"noreferrer noopener\">Orientation Professionnelle (OP)<\/a>&nbsp;: travailler sur soi en collectif, du bilan au projet professionnel ou personnel, A<\/li>\n\n\n\n<li><a href=\"https:\/\/sofft.be\/accompagnement-individuel\/\" target=\"_blank\" rel=\"noreferrer noopener\">Accompagnement Individuel<\/a><a href=\"https:\/\/sofft.be\/accompagnement-individuel\/\">&nbsp;<\/a>: derni\u00e8re ligne droite vers l\u2019emploi, confirmer son projet et le confronter au march\u00e9 de l\u2019emploi&nbsp;<\/li>\n<\/ul>\n\n\n\n<p>Ce sc\u00e9nario prend place dans le cadre d&#8217;une formation intensive de 4-5 mois en num\u00e9rique de base.<br>Elle prend place dans le cadre des heures des ateliers de vie sociale, vers le milieu de la formation. Les apprentissages techniques de base se r\u00e9alisent en amont (ex. traitement de texte, xlsx, etc.) et sont approfondis lors de l\u2019activit\u00e9.<\/p>\n\n\n\n<h2 class=\"wp-block-heading\">Public<\/h2>\n\n\n\n<p>Nombre de b\u00e9n\u00e9ficiaires : 12 participantes (parfois en groupes de 3-4)<br>Niveau des b\u00e9n\u00e9ficiaires :<\/p>\n\n\n\n<ul>\n<li>Niveau en fran\u00e7ais : A2-B1 requis pour l\u2019activit\u00e9<\/li>\n\n\n\n<li>DigComp : niveau 1 (t\u00e2ches faciles avec guidage) pour les domaines Information et donn\u00e9es, Communication et collaboration et Cr\u00e9ation de contenus num\u00e9riques<\/li>\n<\/ul>\n\n\n\n<h2 class=\"wp-block-heading\">R\u00e9sum\u00e9<\/h2>\n\n\n\n<p><em>Dans chaque groupe de formation, il y a des connaissances et des exp\u00e9riences sur divers sujets qui peuvent aider d\u2019autres personnes. Le plus souvent, les b\u00e9n\u00e9ficiaires n\u2019ont pas conscience des ressources qu\u2019elles portent en elles. Cette activit\u00e9 permet de formaliser, de mutualiser et de p\u00e9renniser ces connaissances, de fa\u00e7on \u00e0 les partager avec d\u2019autres personnes\/groupes de fa\u00e7on solidaire, inclusive et conviviale. Elle contribue \u00e9galement \u00e0 renforcer la confiance et l\u2019estime de soi des participantes.<\/em><\/p>\n\n\n\n<p>L&#8217;activit\u00e9, d&#8217;une dur\u00e9e d&#8217;une trentaine d&#8217;heures (10-12 demi-journ\u00e9es de 3 heures) d\u00e9bouche sur la r\u00e9alisation d&#8217;un carnet reprenant des bons plans identifi\u00e9s par les b\u00e9n\u00e9ficiaires. Le carnet est pr\u00e9sent\u00e9 en version papier, en version PDF et en version site.<\/p>\n\n\n\n<h2 class=\"wp-block-heading\">\u00c0 \u00e9pingler<\/h2>\n\n\n\n<ul>\n<li>L\u2019activit\u00e9 est introduite d\u00e8s le d\u00e9but de la formation de fa\u00e7on que les b\u00e9n\u00e9ficiaires puissent se l\u2019approprier au fur et \u00e0 mesure de leur formation, planifier sa r\u00e9alisation et y raccrocher tous les apprentissages r\u00e9alis\u00e9s.<\/li>\n\n\n\n<li>Elle permet de renforcer l\u2019\u00e9mancipation et l\u2019autonomie des participantes par le partage de ressources, la conscientisation de la valeur de ces bons plans, et par la fiert\u00e9 d\u2019une production finalis\u00e9e<\/li>\n\n\n\n<li>L&#8217;activit\u00e9 permet de co-construire une base de donn\u00e9es commune. Les participants collaborent v\u00e9ritablement en ce compris pour \u00e9valuer les productions<\/li>\n<\/ul>\n\n\n\n<h2 class=\"wp-block-heading\">Acc\u00e8s au carnet de bons plans de SOFFT<\/h2>\n\n\n\n<div class=\"wp-block-media-text is-stacked-on-mobile\"><figure class=\"wp-block-media-text__media\"><img loading=\"lazy\" decoding=\"async\" width=\"1024\" height=\"479\" src=\"https:\/\/www.spinic.uliege.be\/wp-content\/uploads\/2025\/01\/Capture-decran-2025-01-28-093925-1-1024x479.png\" alt=\"\" class=\"wp-image-766 size-full\" srcset=\"https:\/\/www.spinic.uliege.be\/wp-content\/uploads\/2025\/01\/Capture-decran-2025-01-28-093925-1-1024x479.png 1024w, https:\/\/www.spinic.uliege.be\/wp-content\/uploads\/2025\/01\/Capture-decran-2025-01-28-093925-1-300x140.png 300w, https:\/\/www.spinic.uliege.be\/wp-content\/uploads\/2025\/01\/Capture-decran-2025-01-28-093925-1-768x359.png 768w, https:\/\/www.spinic.uliege.be\/wp-content\/uploads\/2025\/01\/Capture-decran-2025-01-28-093925-1-1536x719.png 1536w, https:\/\/www.spinic.uliege.be\/wp-content\/uploads\/2025\/01\/Capture-decran-2025-01-28-093925-1.png 1898w\" sizes=\"(max-width: 1024px) 100vw, 1024px\" \/><\/figure><div class=\"wp-block-media-text__content\">\n<p><a href=\"https:\/\/carnetbonsplans.netlify.app\/\" target=\"_blank\" rel=\"noreferrer noopener\">https:\/\/carnetbonsplans.netlify.app\/<\/a><\/p>\n<\/div><\/div>\n\n\n\n<p><\/p>\n\n\n\n<h2 class=\"wp-block-heading\">Vid\u00e9o explicative : pourquoi un carnet de bons plans<\/h2>\n\n\n\n<div class=\"wp-block-columns is-layout-flex wp-container-core-columns-is-layout-2 wp-block-columns-is-layout-flex\">\n<div class=\"wp-block-column is-layout-flow wp-block-column-is-layout-flow\" style=\"flex-basis:100%\">\n<div class=\"wp-block-columns is-layout-flex wp-container-core-columns-is-layout-1 wp-block-columns-is-layout-flex\">\n<div class=\"wp-block-column is-layout-flow wp-block-column-is-layout-flow\" style=\"flex-basis:100%\">\n<iframe loading=\"lazy\" src=\"https:\/\/www.facebook.com\/plugins\/video.php?height=476&#038;href=https%3A%2F%2Fwww.facebook.com%2F100063529874558%2Fvideos%2F928469146137733%2F&#038;show_text=false&#038;width=267&#038;t=0\" width=\"267\" height=\"476\" style=\"border:none;overflow:hidden\" scrolling=\"no\" frameborder=\"0\" allowfullscreen=\"true\" allow=\"autoplay; clipboard-write; encrypted-media; picture-in-picture; web-share\" allowFullScreen=\"true\"><\/iframe>\n<\/div>\n<\/div>\n<\/div>\n<\/div>\n\n\n\n<div class=\"wp-block-columns is-layout-flex wp-container-core-columns-is-layout-3 wp-block-columns-is-layout-flex\">\n<div class=\"wp-block-column is-layout-flow wp-block-column-is-layout-flow\">\n<h2 class=\"wp-block-heading\">Liens vers des ressources utiles<\/h2>\n\n\n\n<p><a href=\"https:\/\/www.spinic.uliege.be\/wp-content\/uploads\/2025\/03\/Sofft_carnet-de-bons-plans_en-ligne.pdf\" target=\"_blank\" rel=\"noreferrer noopener\">Mallette p\u00e9dagogique<\/a><\/p>\n\n\n\n<p><a href=\"https:\/\/www.spinic.uliege.be\/wp-content\/uploads\/2025\/01\/Grille_evaluation_SPI2_Sofft_en_ligne.pdf\" target=\"_blank\" rel=\"noreferrer noopener\">Grille d&#8217;\u00e9valuation de la qualit\u00e9 p\u00e9dagogique du SPI<\/a><\/p>\n\n\n\n<p><\/p>\n<\/div>\n<\/div>\n\n\n\n<ul><\/ul>\n","protected":false},"excerpt":{"rendered":"<p>Contexte Sofft&nbsp;est un CISP qui propose des formations \u00e0 des femmes pr\u00e9caris\u00e9es \u00e9loign\u00e9es de l\u2019emploi. Parmi les formations propos\u00e9es&nbsp;: Ce sc\u00e9nario prend place dans le cadre d&#8217;une formation intensive de 4-5 mois en num\u00e9rique de base.Elle prend place dans le cadre des heures des ateliers de vie sociale, vers le milieu de la formation. Les [&hellip;]<\/p>\n","protected":false},"author":1,"featured_media":0,"parent":0,"menu_order":0,"comment_status":"closed","ping_status":"closed","template":"","meta":{"content-type":"","_monsterinsights_skip_tracking":false,"_monsterinsights_sitenote_active":false,"_monsterinsights_sitenote_note":"","_monsterinsights_sitenote_category":0,"footnotes":""},"_links":{"self":[{"href":"https:\/\/www.spinic.uliege.be\/index.php\/wp-json\/wp\/v2\/pages\/658"}],"collection":[{"href":"https:\/\/www.spinic.uliege.be\/index.php\/wp-json\/wp\/v2\/pages"}],"about":[{"href":"https:\/\/www.spinic.uliege.be\/index.php\/wp-json\/wp\/v2\/types\/page"}],"author":[{"embeddable":true,"href":"https:\/\/www.spinic.uliege.be\/index.php\/wp-json\/wp\/v2\/users\/1"}],"replies":[{"embeddable":true,"href":"https:\/\/www.spinic.uliege.be\/index.php\/wp-json\/wp\/v2\/comments?post=658"}],"version-history":[{"count":33,"href":"https:\/\/www.spinic.uliege.be\/index.php\/wp-json\/wp\/v2\/pages\/658\/revisions"}],"predecessor-version":[{"id":1397,"href":"https:\/\/www.spinic.uliege.be\/index.php\/wp-json\/wp\/v2\/pages\/658\/revisions\/1397"}],"wp:attachment":[{"href":"https:\/\/www.spinic.uliege.be\/index.php\/wp-json\/wp\/v2\/media?parent=658"}],"curies":[{"name":"wp","href":"https:\/\/api.w.org\/{rel}","templated":true}]}}