{"id":70,"date":"2023-10-05T17:00:50","date_gmt":"2023-10-05T15:00:50","guid":{"rendered":"https:\/\/www.spinic.uliege.be\/?page_id=70"},"modified":"2024-03-14T16:03:02","modified_gmt":"2024-03-14T15:03:02","slug":"mallettes-pedagogiques","status":"publish","type":"page","link":"https:\/\/www.spinic.uliege.be\/index.php\/mallettes-pedagogiques\/","title":{"rendered":"Mallettes p\u00e9dagogiques"},"content":{"rendered":"\n<p>Vous trouverez ici les mallettes p\u00e9dagogiques des activit\u00e9s int\u00e9gratrices cr\u00e9\u00e9es, certaines d&#8217;entre elles ayant \u00e9t\u00e9 mises en oeuvre, \u00e9valu\u00e9es et am\u00e9lior\u00e9es par les partenaires de ce projet.<\/p>\n\n\n\n<p>N&#8217;h\u00e9sitez pas \u00e0 les t\u00e9l\u00e9chargez, les utiliser et nous faire part de votre exp\u00e9rience via le formulaire de contact.<\/p>\n","protected":false},"excerpt":{"rendered":"<p>Vous trouverez ici les mallettes p\u00e9dagogiques des activit\u00e9s int\u00e9gratrices cr\u00e9\u00e9es, certaines d&#8217;entre elles ayant \u00e9t\u00e9 mises en oeuvre, \u00e9valu\u00e9es et am\u00e9lior\u00e9es par les partenaires de ce projet. N&#8217;h\u00e9sitez pas \u00e0 les t\u00e9l\u00e9chargez, les utiliser et nous faire part de votre exp\u00e9rience via le formulaire de contact.<\/p>\n","protected":false},"author":1,"featured_media":0,"parent":0,"menu_order":0,"comment_status":"closed","ping_status":"closed","template":"","meta":{"content-type":"","_monsterinsights_skip_tracking":false,"_monsterinsights_sitenote_active":false,"_monsterinsights_sitenote_note":"","_monsterinsights_sitenote_category":0,"footnotes":""},"_links":{"self":[{"href":"https:\/\/www.spinic.uliege.be\/index.php\/wp-json\/wp\/v2\/pages\/70"}],"collection":[{"href":"https:\/\/www.spinic.uliege.be\/index.php\/wp-json\/wp\/v2\/pages"}],"about":[{"href":"https:\/\/www.spinic.uliege.be\/index.php\/wp-json\/wp\/v2\/types\/page"}],"author":[{"embeddable":true,"href":"https:\/\/www.spinic.uliege.be\/index.php\/wp-json\/wp\/v2\/users\/1"}],"replies":[{"embeddable":true,"href":"https:\/\/www.spinic.uliege.be\/index.php\/wp-json\/wp\/v2\/comments?post=70"}],"version-history":[{"count":4,"href":"https:\/\/www.spinic.uliege.be\/index.php\/wp-json\/wp\/v2\/pages\/70\/revisions"}],"predecessor-version":[{"id":571,"href":"https:\/\/www.spinic.uliege.be\/index.php\/wp-json\/wp\/v2\/pages\/70\/revisions\/571"}],"wp:attachment":[{"href":"https:\/\/www.spinic.uliege.be\/index.php\/wp-json\/wp\/v2\/media?parent=70"}],"curies":[{"name":"wp","href":"https:\/\/api.w.org\/{rel}","templated":true}]}}