{"id":983,"date":"2025-11-14T14:36:46","date_gmt":"2025-11-14T13:36:46","guid":{"rendered":"https:\/\/www.spinic.uliege.be\/?page_id=983"},"modified":"2025-12-10T21:33:39","modified_gmt":"2025-12-10T20:33:39","slug":"creation-dune-mini-entreprise-2","status":"publish","type":"page","link":"https:\/\/www.spinic.uliege.be\/index.php\/creation-dune-mini-entreprise-2\/","title":{"rendered":"Cr\u00e9ation d&#8217;une mini-entreprise"},"content":{"rendered":"\n<h2 class=\"wp-block-heading\"><strong>Une mini-entreprise \u00e9ph\u00e9m\u00e8re pour apprendre autrement !<\/strong><\/h2>\n\n\n\n<p><\/p>\n\n\n<div class=\"wp-block-image\">\n<figure class=\"aligncenter size-full is-resized\"><img loading=\"lazy\" decoding=\"async\" width=\"456\" height=\"434\" src=\"https:\/\/www.spinic.uliege.be\/wp-content\/uploads\/2025\/11\/Capture-decran-2025-11-26-a-15.16.50-1.png\" alt=\"\" class=\"wp-image-1367\" style=\"width:327px;height:auto\" srcset=\"https:\/\/www.spinic.uliege.be\/wp-content\/uploads\/2025\/11\/Capture-decran-2025-11-26-a-15.16.50-1.png 456w, https:\/\/www.spinic.uliege.be\/wp-content\/uploads\/2025\/11\/Capture-decran-2025-11-26-a-15.16.50-1-300x286.png 300w\" sizes=\"(max-width: 456px) 100vw, 456px\" \/><\/figure><\/div>\n\n\n<p><\/p>\n\n\n\n<h2 class=\"wp-block-heading\">Contexte<\/h2>\n\n\n\n<p>Ce sc\u00e9nario a \u00e9t\u00e9 con\u00e7u, exp\u00e9riment\u00e9 et r\u00e9gul\u00e9 chez&nbsp;<a href=\"https:\/\/aid-formation.be\/\">A Id\u00e9es Formation \u00e0 Nivelles<\/a>, centre d\u2019insertion socio-professionnelle, avec &nbsp;les stagiaires de la fili\u00e8re &#8220;assistant.e adimnistratif.ve&#8221;.<\/p>\n\n\n\n<h2 class=\"wp-block-heading\">Public<\/h2>\n\n\n\n<p>14 stagiaires ont particip\u00e9 \u00e0 cette activit\u00e9 int\u00e9gratrice. Ils ont \u00e9t\u00e9 encadr\u00e9 par 2 formatrices et une coordinatrice p\u00e9dagogique.<\/p>\n\n\n\n<h2 class=\"wp-block-heading\">R\u00e9sum\u00e9<\/h2>\n\n\n\n<h3 class=\"wp-block-heading\"><\/h3>\n\n\n\n<p><\/p>\n\n\n\n<p><em>Transformez votre formation en une aventure entrepreneuriale ! Avec la mallette <strong>\u00ab MINIent \u00c0 Id\u00e9es \u00bb<\/strong>, vos stagiaires deviennent acteurs de leur apprentissage en cr\u00e9ant <strong>leur propre mini-entreprise<\/strong>. Pendant 9 semaines, ils rel\u00e8vent le d\u00e9fi de concevoir, organiser et promouvoir un projet concret, en \u00e9quipe.<\/em><\/p>\n\n\n\n<p>Pourquoi choisir cette activit\u00e9 ?<\/p>\n\n\n\n<ul>\n<li><strong>Immersion totale<\/strong> : les participants endossent des r\u00f4les vari\u00e9s (marketing, administratif, logistique) et travaillent comme dans une vraie entreprise.<\/li>\n\n\n\n<li><strong>Comp\u00e9tences cl\u00e9s<\/strong> : outils num\u00e9riques (Canva, PowerPoint\u2026), communication \u00e9crite et orale, gestion de projet.<\/li>\n\n\n\n<li><strong>Esprit collaboratif<\/strong> : brainstorming, co-cr\u00e9ation, planification et prise de d\u00e9cision collective.<\/li>\n<\/ul>\n\n\n\n<h4 class=\"wp-block-heading\"><\/h4>\n\n\n\n<p>Ce que les stagiaires vont r\u00e9aliser<\/p>\n\n\n\n<ul>\n<li>Cr\u00e9ation d\u2019un <strong>nom, logo et identit\u00e9 visuelle<\/strong>.<\/li>\n\n\n\n<li>Conception de <strong>supports commerciaux<\/strong> (flyers, affiches, packaging).<\/li>\n\n\n\n<li>Mise en place d\u2019un <strong>stand de vente<\/strong> et d\u2019une <strong>communication externe<\/strong>.<\/li>\n\n\n\n<li>Production et vente r\u00e9elle des cr\u00e9ations, avec une <strong>dimension citoyenne<\/strong> (dons \u00e0 des associations locales).<\/li>\n<\/ul>\n\n\n\n<p><strong>Dur\u00e9e :<\/strong> 9 semaines (3h30\/semaine)<br><strong>Public :<\/strong> Niveau d\u00e9butant (DigComp 1)<br><\/p>\n\n\n\n<h2 class=\"wp-block-heading\">Comp\u00e9tences Digcomp travaill\u00e9es<\/h2>\n\n\n\n<h4 class=\"wp-block-heading\"><\/h4>\n\n\n\n<p>Organisation et gestion du projet<\/p>\n\n\n\n<ul>\n<li>Outils de gestion (Trello) pour planifier les t\u00e2ches, suivre l\u2019avancement<\/li>\n\n\n\n<li>Calendriers partag\u00e9s pour synchroniser l\u2019\u00e9quipe.<\/li>\n\n\n\n<li>Stockage cloud pour centraliser les documents<\/li>\n<\/ul>\n\n\n\n<h4 class=\"wp-block-heading\"><\/h4>\n\n\n\n<p>Cr\u00e9ation des items \u00e0 vendre<\/p>\n\n\n\n<ul>\n<li>Outils de conception (Canva).<\/li>\n\n\n\n<li>PowerPoint pour produire les supports promotionnels.<\/li>\n<\/ul>\n\n\n\n<h4 class=\"wp-block-heading\"><\/h4>\n\n\n\n<p>Communication et marketing<\/p>\n\n\n\n<ul>\n<li>Cr\u00e9ation de logos, flyers, affiches avec Canva.<\/li>\n\n\n\n<li>R\u00e9seaux sociaux (Instagram, Facebook) pour promouvoir la mini-entreprise.<\/li>\n\n\n\n<li>Cr\u00e9ation d\u2019une page vitrine sur le site de l\u2019AID.<\/li>\n<\/ul>\n\n\n\n<h4 class=\"wp-block-heading\"><\/h4>\n\n\n\n<p>Gestion financi\u00e8re et administrative<\/p>\n\n\n\n<ul>\n<li>Tableurs (Excel, Google Sheets) pour le budget, la tr\u00e9sorerie, le suivi des ventes.<\/li>\n\n\n\n<li>Outils de formulaires pour r\u00e9aliser les ventes (Google Forms).<\/li>\n<\/ul>\n\n\n\n<h4 class=\"wp-block-heading\"><\/h4>\n\n\n\n<p>Collaboration et travail en \u00e9quipe<\/p>\n\n\n\n<ul>\n<li>Outils de travail collaboratif (Docs, Padlet) pour \u00e9crire ou brainstormer \u00e0 plusieurs.<\/li>\n<\/ul>\n\n\n\n<h2 class=\"wp-block-heading\">\u00c0 \u00e9pingler<\/h2>\n\n\n\n<p><strong>Pourquoi est-ce motivant ?<\/strong><\/p>\n\n\n\n<ul>\n<li>Les stagiaires prennent des r\u00f4les vari\u00e9s (marketing, administratif, logistique) et travaillent comme dans une vraie entreprise.<\/li>\n\n\n\n<li>Ils con\u00e7oivent <strong>un nom, un logo, des supports commerciaux<\/strong>, puis produisent et vendent leurs cr\u00e9ations.<\/li>\n\n\n\n<li>Le projet se termine par <strong>une vente r\u00e9elle<\/strong> et une <strong>campagne de communication<\/strong>, avec une dimension citoyenne (dons \u00e0 des associations locales).<\/li>\n<\/ul>\n\n\n\n<p><strong>Atouts p\u00e9dagogiques :<\/strong><\/p>\n\n\n\n<ul>\n<li>Approche immersive et ludique.<\/li>\n\n\n\n<li>D\u00e9veloppement de comp\u00e9tences transversales : organisation, collaboration, confiance en soi.<\/li>\n\n\n\n<li>Livrables concrets : flyers, affiches, packaging, stand de vente, vid\u00e9o promotionnelle.<\/li>\n<\/ul>\n\n\n\n<p>Cette activit\u00e9 transforme la formation en <strong>aventure entrepreneuriale<\/strong>, o\u00f9 chaque stagiaire devient acteur de son apprentissage. Une mani\u00e8re innovante de relier th\u00e9orie et pratique, tout en valorisant la cr\u00e9ativit\u00e9 et l\u2019engagement citoyen.<\/p>\n\n\n\n<p><\/p>\n\n\n\n<p><\/p>\n\n\n\n<h2 class=\"wp-block-heading\">Liens vers des ressources utiles<\/h2>\n\n\n\n<p><a href=\"https:\/\/www.spinic.uliege.be\/index.php\/creation-dune-mini-entreprise\/\" target=\"_blank\" rel=\"noreferrer noopener\">Mallette p\u00e9dagogique<\/a><\/p>\n\n\n\n<p><a href=\"https:\/\/www.spinic.uliege.be\/wp-content\/uploads\/2025\/12\/Grille_evaluation_MiniENTREPRISE_bon.pdf\" data-type=\"attachment\" data-id=\"1465\" target=\"_blank\" rel=\"noreferrer noopener\">Grille d&#8217;\u00e9valuation de la qualit\u00e9 p\u00e9dagogique du SPI<\/a><\/p>\n\n\n\n<p><\/p>\n\n\n\n<h2 class=\"wp-block-heading\">Exemples de r\u00e9alisation et photos<\/h2>\n\n\n\n<h3 class=\"wp-block-heading\">Propositions de noms pour la mini-entreprise<\/h3>\n\n\n\n<figure class=\"wp-block-image size-large is-resized\"><img loading=\"lazy\" decoding=\"async\" width=\"1024\" height=\"729\" src=\"https:\/\/www.spinic.uliege.be\/wp-content\/uploads\/2025\/11\/Capture-decran-2025-11-21-a-15.42.04-1024x729.png\" alt=\"\" class=\"wp-image-1005\" style=\"width:521px;height:auto\" srcset=\"https:\/\/www.spinic.uliege.be\/wp-content\/uploads\/2025\/11\/Capture-decran-2025-11-21-a-15.42.04-1024x729.png 1024w, https:\/\/www.spinic.uliege.be\/wp-content\/uploads\/2025\/11\/Capture-decran-2025-11-21-a-15.42.04-300x214.png 300w, https:\/\/www.spinic.uliege.be\/wp-content\/uploads\/2025\/11\/Capture-decran-2025-11-21-a-15.42.04-768x547.png 768w, https:\/\/www.spinic.uliege.be\/wp-content\/uploads\/2025\/11\/Capture-decran-2025-11-21-a-15.42.04.png 1486w\" sizes=\"(max-width: 1024px) 100vw, 1024px\" \/><\/figure>\n\n\n\n<h3 class=\"wp-block-heading\">Propositions de logos<\/h3>\n\n\n\n<figure class=\"wp-block-image size-large\"><img loading=\"lazy\" decoding=\"async\" width=\"1024\" height=\"577\" src=\"https:\/\/www.spinic.uliege.be\/wp-content\/uploads\/2025\/11\/Capture-decran-2025-11-21-a-15.43.32-1-1024x577.png\" alt=\"\" class=\"wp-image-1008\" srcset=\"https:\/\/www.spinic.uliege.be\/wp-content\/uploads\/2025\/11\/Capture-decran-2025-11-21-a-15.43.32-1-1024x577.png 1024w, https:\/\/www.spinic.uliege.be\/wp-content\/uploads\/2025\/11\/Capture-decran-2025-11-21-a-15.43.32-1-300x169.png 300w, https:\/\/www.spinic.uliege.be\/wp-content\/uploads\/2025\/11\/Capture-decran-2025-11-21-a-15.43.32-1-768x432.png 768w, https:\/\/www.spinic.uliege.be\/wp-content\/uploads\/2025\/11\/Capture-decran-2025-11-21-a-15.43.32-1-1536x865.png 1536w, https:\/\/www.spinic.uliege.be\/wp-content\/uploads\/2025\/11\/Capture-decran-2025-11-21-a-15.43.32-1-2048x1153.png 2048w\" sizes=\"(max-width: 1024px) 100vw, 1024px\" \/><\/figure>\n\n\n\n<figure class=\"wp-block-image size-large is-resized\"><img loading=\"lazy\" decoding=\"async\" width=\"1024\" height=\"574\" src=\"https:\/\/www.spinic.uliege.be\/wp-content\/uploads\/2025\/11\/Capture-decran-2025-11-21-a-15.43.45-1-1024x574.png\" alt=\"\" class=\"wp-image-1009\" style=\"width:548px;height:auto\" srcset=\"https:\/\/www.spinic.uliege.be\/wp-content\/uploads\/2025\/11\/Capture-decran-2025-11-21-a-15.43.45-1-1024x574.png 1024w, https:\/\/www.spinic.uliege.be\/wp-content\/uploads\/2025\/11\/Capture-decran-2025-11-21-a-15.43.45-1-300x168.png 300w, https:\/\/www.spinic.uliege.be\/wp-content\/uploads\/2025\/11\/Capture-decran-2025-11-21-a-15.43.45-1-768x431.png 768w, https:\/\/www.spinic.uliege.be\/wp-content\/uploads\/2025\/11\/Capture-decran-2025-11-21-a-15.43.45-1-1536x861.png 1536w, https:\/\/www.spinic.uliege.be\/wp-content\/uploads\/2025\/11\/Capture-decran-2025-11-21-a-15.43.45-1-2048x1148.png 2048w\" sizes=\"(max-width: 1024px) 100vw, 1024px\" \/><\/figure>\n\n\n\n<h3 class=\"wp-block-heading\">Illustrations des outils utilis\u00e9s pour la planification d&#8217;activit\u00e9s<\/h3>\n\n\n\n<figure class=\"wp-block-image size-large\"><img loading=\"lazy\" decoding=\"async\" width=\"1024\" height=\"439\" src=\"https:\/\/www.spinic.uliege.be\/wp-content\/uploads\/2025\/11\/Frise-murale-4-1024x439.jpg\" alt=\"\" class=\"wp-image-1360\" srcset=\"https:\/\/www.spinic.uliege.be\/wp-content\/uploads\/2025\/11\/Frise-murale-4-1024x439.jpg 1024w, https:\/\/www.spinic.uliege.be\/wp-content\/uploads\/2025\/11\/Frise-murale-4-300x129.jpg 300w, https:\/\/www.spinic.uliege.be\/wp-content\/uploads\/2025\/11\/Frise-murale-4-768x329.jpg 768w, https:\/\/www.spinic.uliege.be\/wp-content\/uploads\/2025\/11\/Frise-murale-4-1536x659.jpg 1536w, https:\/\/www.spinic.uliege.be\/wp-content\/uploads\/2025\/11\/Frise-murale-4-2048x878.jpg 2048w\" sizes=\"(max-width: 1024px) 100vw, 1024px\" \/><\/figure>\n\n\n\n<figure class=\"wp-block-gallery has-nested-images columns-default is-cropped wp-block-gallery-1 is-layout-flex wp-block-gallery-is-layout-flex\">\n<figure class=\"wp-block-image size-large\"><img loading=\"lazy\" decoding=\"async\" width=\"1024\" height=\"465\" data-id=\"1353\" src=\"https:\/\/www.spinic.uliege.be\/wp-content\/uploads\/2025\/11\/Planner_1-1-2-1024x465.jpg\" alt=\"\" class=\"wp-image-1353\" srcset=\"https:\/\/www.spinic.uliege.be\/wp-content\/uploads\/2025\/11\/Planner_1-1-2-1024x465.jpg 1024w, https:\/\/www.spinic.uliege.be\/wp-content\/uploads\/2025\/11\/Planner_1-1-2-300x136.jpg 300w, https:\/\/www.spinic.uliege.be\/wp-content\/uploads\/2025\/11\/Planner_1-1-2-768x349.jpg 768w, https:\/\/www.spinic.uliege.be\/wp-content\/uploads\/2025\/11\/Planner_1-1-2-1536x697.jpg 1536w, https:\/\/www.spinic.uliege.be\/wp-content\/uploads\/2025\/11\/Planner_1-1-2-2048x930.jpg 2048w\" sizes=\"(max-width: 1024px) 100vw, 1024px\" \/><\/figure>\n\n\n\n<figure class=\"wp-block-image size-large\"><img loading=\"lazy\" decoding=\"async\" width=\"1024\" height=\"519\" data-id=\"1361\" src=\"https:\/\/www.spinic.uliege.be\/wp-content\/uploads\/2025\/11\/20251031_160026-4-1024x519.jpg\" alt=\"\" class=\"wp-image-1361\" srcset=\"https:\/\/www.spinic.uliege.be\/wp-content\/uploads\/2025\/11\/20251031_160026-4-1024x519.jpg 1024w, https:\/\/www.spinic.uliege.be\/wp-content\/uploads\/2025\/11\/20251031_160026-4-300x152.jpg 300w, https:\/\/www.spinic.uliege.be\/wp-content\/uploads\/2025\/11\/20251031_160026-4-768x390.jpg 768w, https:\/\/www.spinic.uliege.be\/wp-content\/uploads\/2025\/11\/20251031_160026-4.jpg 1378w\" sizes=\"(max-width: 1024px) 100vw, 1024px\" \/><\/figure>\n<\/figure>\n\n\n\n<h2 class=\"wp-block-heading\"><\/h2>\n\n\n\n<p><\/p>\n\n\n\n<p><\/p>\n","protected":false},"excerpt":{"rendered":"<p>Une mini-entreprise \u00e9ph\u00e9m\u00e8re pour apprendre autrement ! Contexte Ce sc\u00e9nario a \u00e9t\u00e9 con\u00e7u, exp\u00e9riment\u00e9 et r\u00e9gul\u00e9 chez&nbsp;A Id\u00e9es Formation \u00e0 Nivelles, centre d\u2019insertion socio-professionnelle, avec &nbsp;les stagiaires de la fili\u00e8re &#8220;assistant.e adimnistratif.ve&#8221;. Public 14 stagiaires ont particip\u00e9 \u00e0 cette activit\u00e9 int\u00e9gratrice. Ils ont \u00e9t\u00e9 encadr\u00e9 par 2 formatrices et une coordinatrice p\u00e9dagogique. R\u00e9sum\u00e9 Transformez votre [&hellip;]<\/p>\n","protected":false},"author":2,"featured_media":0,"parent":0,"menu_order":0,"comment_status":"closed","ping_status":"closed","template":"","meta":{"content-type":"","_monsterinsights_skip_tracking":false,"_monsterinsights_sitenote_active":false,"_monsterinsights_sitenote_note":"","_monsterinsights_sitenote_category":0,"footnotes":""},"_links":{"self":[{"href":"https:\/\/www.spinic.uliege.be\/index.php\/wp-json\/wp\/v2\/pages\/983"}],"collection":[{"href":"https:\/\/www.spinic.uliege.be\/index.php\/wp-json\/wp\/v2\/pages"}],"about":[{"href":"https:\/\/www.spinic.uliege.be\/index.php\/wp-json\/wp\/v2\/types\/page"}],"author":[{"embeddable":true,"href":"https:\/\/www.spinic.uliege.be\/index.php\/wp-json\/wp\/v2\/users\/2"}],"replies":[{"embeddable":true,"href":"https:\/\/www.spinic.uliege.be\/index.php\/wp-json\/wp\/v2\/comments?post=983"}],"version-history":[{"count":49,"href":"https:\/\/www.spinic.uliege.be\/index.php\/wp-json\/wp\/v2\/pages\/983\/revisions"}],"predecessor-version":[{"id":1470,"href":"https:\/\/www.spinic.uliege.be\/index.php\/wp-json\/wp\/v2\/pages\/983\/revisions\/1470"}],"wp:attachment":[{"href":"https:\/\/www.spinic.uliege.be\/index.php\/wp-json\/wp\/v2\/media?parent=983"}],"curies":[{"name":"wp","href":"https:\/\/api.w.org\/{rel}","templated":true}]}}